{"id":19207,"date":"2023-08-27T21:50:30","date_gmt":"2023-08-27T20:50:30","guid":{"rendered":"https:\/\/www.coretxcooling.com\/wissenschaft\/"},"modified":"2023-08-27T21:50:35","modified_gmt":"2023-08-27T20:50:35","slug":"wissenschaft","status":"publish","type":"page","link":"https:\/\/www.coretxcooling.com\/de\/wissenschaft\/","title":{"rendered":"Wissenschaft"},"content":{"rendered":"<p>[et_pb_section fb_built=&#8220;1&#8243; custom_padding_last_edited=&#8220;off|desktop&#8220; prev_background_color=&#8220;#ffffff&#8220; admin_label=&#8220;Header&#8220; _builder_version=&#8220;4.18.0&#8243; background_color=&#8220;#2a2e40&#8243; use_background_color_gradient=&#8220;on&#8220; background_color_gradient_type=&#8220;circular&#8220; background_color_gradient_stops=&#8220;rgba(42,46,64,0.34) 0%|#2a2e40 90%&#8220; background_color_gradient_overlays_image=&#8220;on&#8220; background_color_gradient_start=&#8220;rgba(42,46,64,0.34)&#8220; background_color_gradient_end=&#8220;#2a2e40&#8243; background_color_gradient_end_position=&#8220;90%&#8220; background_image=&#8220;https:\/\/www.coretxcooling.com\/wp-content\/uploads\/2022\/10\/CoreTx-Slider-S-1.jpeg&#8220; background_position=&#8220;bottom_center&#8220; background_vertical_offset=&#8220;32%&#8220; custom_margin=&#8220;||60px||false|false&#8220; custom_padding=&#8220;||300px||false|false&#8220; custom_padding_tablet=&#8220;0vw||&#8220; custom_padding_phone=&#8220;0vw||&#8220; top_divider_style=&#8220;wave2&#8243; top_divider_repeat=&#8220;1x&#8220; top_divider_flip=&#8220;horizontal&#8220; bottom_divider_style=&#8220;wave2&#8243; bottom_divider_color=&#8220;#FFFFFF&#8220; bottom_divider_flip=&#8220;vertical&#8220; border_color_all=&#8220;RGBA(255,255,255,0)&#8220; border_style_all=&#8220;none&#8220; global_colors_info=&#8220;{}&#8220;][et_pb_row module_class=&#8220; et_pb_row_fullwidth&#8220; _builder_version=&#8220;4.16&#8243; width=&#8220;89%&#8220; width_tablet=&#8220;80%&#8220; width_phone=&#8220;&#8220; width_last_edited=&#8220;on|desktop&#8220; max_width=&#8220;89%&#8220; max_width_tablet=&#8220;80%&#8220; max_width_phone=&#8220;&#8220; max_width_last_edited=&#8220;on|desktop&#8220; mix_blend_mode=&#8220;overlay&#8220; make_fullwidth=&#8220;on&#8220; global_colors_info=&#8220;{}&#8220;][et_pb_column type=&#8220;4_4&#8243; _builder_version=&#8220;4.16&#8243; custom_padding=&#8220;|||&#8220; global_colors_info=&#8220;{}&#8220; custom_padding__hover=&#8220;|||&#8220;][et_pb_text _builder_version=&#8220;4.18.0&#8243; text_font=&#8220;Oswald|||on|||||&#8220; text_text_color=&#8220;rgba(255,255,255,0.5)&#8220; text_font_size=&#8220;24vw&#8220; text_line_height=&#8220;0em&#8220; header_font=&#8220;Oswald|||on|||||&#8220; header_font_size=&#8220;80px&#8220; header_letter_spacing=&#8220;20px&#8220; header_line_height=&#8220;1.2em&#8220; text_orientation=&#8220;right&#8220; background_layout=&#8220;dark&#8220; custom_margin=&#8220;||0.2em&#8220; custom_margin_phone=&#8220;||0em&#8220; custom_margin_last_edited=&#8220;off|desktop&#8220; filter_blur=&#8220;5px&#8220; animation_style=&#8220;slide&#8220; animation_direction=&#8220;left&#8220; animation_duration=&#8220;2000ms&#8220; animation_intensity_slide=&#8220;2%&#8220; text_font_size_tablet=&#8220;30vw&#8220; text_font_size_phone=&#8220;&#8220; text_font_size_last_edited=&#8220;on|desktop&#8220; header_font_size_tablet=&#8220;40px&#8220; header_font_size_phone=&#8220;30px&#8220; header_font_size_last_edited=&#8220;on|desktop&#8220; global_colors_info=&#8220;{}&#8220;]<\/p>\n<p>Fitnessstudio<\/p>\n<p>[\/et_pb_text][\/et_pb_column][\/et_pb_row][et_pb_row custom_padding_last_edited=&#8220;on|desktop&#8220; _builder_version=&#8220;4.16&#8243; width=&#8220;90%&#8220; max_width=&#8220;90%&#8220; custom_margin=&#8220;||&#8220; custom_padding=&#8220;||0|10%|false|false&#8220; custom_padding_tablet=&#8220;||40px|0%&#8220; custom_padding_phone=&#8220;&#8220; use_custom_width=&#8220;on&#8220; width_unit=&#8220;off&#8220; custom_width_percent=&#8220;90%&#8220; global_colors_info=&#8220;{}&#8220;][et_pb_column type=&#8220;4_4&#8243; _builder_version=&#8220;4.16&#8243; custom_padding=&#8220;|||&#8220; global_colors_info=&#8220;{}&#8220; custom_padding__hover=&#8220;|||&#8220;][et_pb_text _builder_version=&#8220;4.18.0&#8243; text_font=&#8220;||||||||&#8220; header_font=&#8220;Helvetica Neue||||||||&#8220; header_font_size=&#8220;6vw&#8220; header_letter_spacing=&#8220;0.1em&#8220; header_line_height=&#8220;1.2em&#8220; header_2_font=&#8220;||||||||&#8220; header_3_font=&#8220;Roboto||||||||&#8220; header_3_letter_spacing=&#8220;0.2em&#8220; header_3_line_height=&#8220;2.4em&#8220; background_layout=&#8220;dark&#8220; max_width=&#8220;80%&#8220; animation_style=&#8220;slide&#8220; animation_direction=&#8220;right&#8220; animation_duration=&#8220;2000ms&#8220; animation_intensity_slide=&#8220;2%&#8220; header_font_size_tablet=&#8220;40px&#8220; header_font_size_phone=&#8220;30px&#8220; header_font_size_last_edited=&#8220;on|desktop&#8220; header_letter_spacing_tablet=&#8220;10px&#8220; header_letter_spacing_phone=&#8220;7px&#8220; header_letter_spacing_last_edited=&#8220;off|desktop&#8220; header_line_height_tablet=&#8220;1.5em&#8220; header_line_height_phone=&#8220;1.5em&#8220; header_line_height_last_edited=&#8220;on|phone&#8220; header_3_font_size_tablet=&#8220;14px&#8220; header_3_font_size_phone=&#8220;14px&#8220; header_3_font_size_last_edited=&#8220;on|desktop&#8220; header_3_letter_spacing_tablet=&#8220;&#8220; header_3_letter_spacing_phone=&#8220;3px&#8220; header_3_letter_spacing_last_edited=&#8220;on|phone&#8220; global_colors_info=&#8220;{}&#8220;]<\/p>\n<h3>Der Erfolg liegt in Ihrer Hand<\/h3>\n<h1>Evidenzbasierte Forschung<\/h1>\n<p>[\/et_pb_text][et_pb_button button_url=&#8220;https:\/\/www.coretxcooling.com\/de\/informationen-und-preise-anfordern\/&#8220; button_text=&#8220;Beginne heute&#8220; _builder_version=&#8220;4.18.0&#8243; custom_button=&#8220;on&#8220; button_text_size=&#8220;16px&#8220; button_text_color=&#8220;#ffffff&#8220; button_bg_color=&#8220;rgba(0,0,0,0)&#8220; button_border_width=&#8220;0px&#8220; button_border_radius=&#8220;0px&#8220; button_letter_spacing=&#8220;5px&#8220; button_font=&#8220;|500||on|||||&#8220; button_use_icon=&#8220;off&#8220; custom_margin=&#8220;||&#8220; custom_padding=&#8220;15px||15px||true&#8220; box_shadow_style=&#8220;preset4&#8243; box_shadow_horizontal=&#8220;0px&#8220; box_shadow_vertical=&#8220;2px&#8220; box_shadow_color=&#8220;#0080a2&#8243; global_colors_info=&#8220;{}&#8220; button_bg_color__hover=&#8220;#ffffff&#8220; button_border_width__hover=&#8220;2px&#8220; button_text_color__hover=&#8220;#000000&#8243; button_border_color__hover=&#8220;#ffffff&#8220; box_shadow_vertical__hover_enabled=&#8220;on&#8220; box_shadow_vertical__hover=&#8220;8px&#8220;][\/et_pb_button][\/et_pb_column][\/et_pb_row][\/et_pb_section][et_pb_section fb_built=&#8220;1&#8243; _builder_version=&#8220;4.18.0&#8243; _module_preset=&#8220;default&#8220; global_colors_info=&#8220;{}&#8220;][et_pb_row admin_label=&#8220;Zeile&#8220; _builder_version=&#8220;4.18.0&#8243; _module_preset=&#8220;default&#8220; global_colors_info=&#8220;{}&#8220;][et_pb_column type=&#8220;4_4&#8243; _builder_version=&#8220;4.18.0&#8243; _module_preset=&#8220;default&#8220; global_colors_info=&#8220;{}&#8220;][et_pb_text _builder_version=&#8220;4.18.0&#8243; _module_preset=&#8220;default&#8220; global_colors_info=&#8220;{}&#8220;]<\/p>\n<h1 style=\"font-weight: 400;\">Wissenschaftliche Grundlagen<\/h1>\n<p style=\"font-weight: 400;\">Evidenzbasierte Forschungsergebnisse belegen, dass <strong>Palm Cooling<\/strong> die Ergebnisse in den Bereichen <strong>Kraft und Kondition, Erholung in der Halbzeitpause und Gewichtsreduktion<\/strong> dramatisch verbessern kann, wie Wissenschaftler in Stanford und anderen f\u00fchrenden Universit\u00e4ten festgestellt haben.<\/p>\n<p style=\"font-weight: 400;\"><strong>Dr. Craig Heller<\/strong>, Professor f\u00fcr Biologie an der <strong>Stanford University<\/strong>, erhielt von der <strong>DARPA<\/strong>, der Forschungsagentur des US-Milit\u00e4rs, einen Zuschuss in H\u00f6he von 1,3 Millionen Dollar f\u00fcr die Erforschung von <strong>Hitzestress<\/strong> bei Milit\u00e4rangeh\u00f6rigen. Bei der Durchf\u00fchrung dieses Forschungsprojekts entdeckte er, dass durch die K\u00fchlung von Handfl\u00e4chen <strong>Leistungssteigerungen<\/strong> erzielt werden k\u00f6nnen, die <strong>dem Einsatz von Steroiden gleichkommen<\/strong>.<\/p>\n<p style=\"font-weight: 400;\">Daher wurden weitere Studien speziell zur Konditionierung mit dieser legalen Form der Leistungssteigerung durchgef\u00fchrt &#8211; mit erstaunlichen Ergebnissen.<\/p>\n<p style=\"font-weight: 400;\">Der ehemalige olympische Athlet und Leistungstrainer der Stanford University, Bob Weir, nahm Palm Cooling in sein Trainingsprogramm auf, als er sich auf den Wettbewerb World&#8217;s Strongest Man vorbereitete und im Alter von 43 Jahren den dritten Platz im Finale belegte.<\/p>\n<p style=\"font-weight: 400;\">Die drei Hauptanwendungen f\u00fcr das <strong>CoreTx Palm Cooling Ger\u00e4t<\/strong> sind:<\/p>\n<p>[\/et_pb_text][\/et_pb_column][\/et_pb_row][et_pb_row column_structure=&#8220;1_3,1_3,1_3&#8243; admin_label=&#8220;Zeile&#8220; _builder_version=&#8220;4.18.0&#8243; _module_preset=&#8220;default&#8220; global_colors_info=&#8220;{}&#8220;][et_pb_column type=&#8220;1_3&#8243; _builder_version=&#8220;4.18.0&#8243; _module_preset=&#8220;default&#8220; global_colors_info=&#8220;{}&#8220;][et_pb_text _builder_version=&#8220;4.18.0&#8243; _dynamic_attributes=&#8220;link_option_url&#8220; _module_preset=&#8220;default&#8220; link_option_url=&#8220;@ET-DC@eyJkeW5hbWljIjp0cnVlLCJjb250ZW50IjoicG9zdF9saW5rX3VybF9wYWdlIiwic2V0dGluZ3MiOnsicG9zdF9pZCI6IjU3MTQifX0=@&#8220; global_colors_info=&#8220;{}&#8220;]<\/p>\n<h2>Ausdauer<\/h2>\n<p>[\/et_pb_text][et_pb_image src=&#8220;https:\/\/www.coretxcooling.com\/wp-content\/uploads\/2020\/12\/conditioning-research-02-s.jpg&#8220; alt=&#8220;Ausdauer&#8220; title_text=&#8220;ausdauer-studien-02-s&#8220; url=&#8220;@ET-DC@eyJkeW5hbWljIjp0cnVlLCJjb250ZW50IjoicG9zdF9saW5rX3VybF9wYWdlIiwic2V0dGluZ3MiOnsicG9zdF9pZCI6IjU3MTQifX0=@&#8220; admin_label=&#8220;Image&#8220; _builder_version=&#8220;4.18.0&#8243; _dynamic_attributes=&#8220;url&#8220; _module_preset=&#8220;default&#8220; animation_style=&#8220;zoom&#8220; global_colors_info=&#8220;{}&#8220;][\/et_pb_image][et_pb_text _builder_version=&#8220;4.18.0&#8243; _module_preset=&#8220;default&#8220; global_colors_info=&#8220;{}&#8220;]<\/p>\n<p style=\"font-weight: 400;\">Studien zur schnelleren Konditionierung von den Universit\u00e4ten Stanford, Humboldt, Alabama und Western Sydney.<\/p>\n<p>[\/et_pb_text][et_pb_button button_url=&#8220;@ET-DC@eyJkeW5hbWljIjp0cnVlLCJjb250ZW50IjoicG9zdF9saW5rX3VybF9wYWdlIiwic2V0dGluZ3MiOnsicG9zdF9pZCI6IjU3MTQifX0=@&#8220; button_text=&#8220;Mehr erfahren&#8220; _builder_version=&#8220;4.18.1&#8243; _dynamic_attributes=&#8220;button_url&#8220; _module_preset=&#8220;default&#8220; custom_button=&#8220;on&#8220; button_text_color=&#8220;#FFFFFF&#8220; button_bg_color=&#8220;#006079&#8243; button_font=&#8220;||||||||&#8220; button_on_hover=&#8220;off&#8220; global_colors_info=&#8220;{}&#8220;][\/et_pb_button][\/et_pb_column][et_pb_column type=&#8220;1_3&#8243; _builder_version=&#8220;4.18.0&#8243; _module_preset=&#8220;default&#8220; global_colors_info=&#8220;{}&#8220;][et_pb_text _builder_version=&#8220;4.18.0&#8243; _dynamic_attributes=&#8220;link_option_url&#8220; _module_preset=&#8220;default&#8220; link_option_url=&#8220;@ET-DC@eyJkeW5hbWljIjp0cnVlLCJjb250ZW50IjoicG9zdF9saW5rX3VybF9wYWdlIiwic2V0dGluZ3MiOnsicG9zdF9pZCI6IjE2Njg5In19@&#8220; global_colors_info=&#8220;{}&#8220;]<\/p>\n<h2 style=\"font-weight: 400;\">Erholung in der Halbzeitpause<\/h2>\n<p>[\/et_pb_text][et_pb_image src=&#8220;https:\/\/www.coretxcooling.com\/wp-content\/uploads\/2020\/11\/Mid-Activity-Recovery.jpg&#8220; alt=&#8220;Erholung in der Halbzeitpause&#8220; title_text=&#8220;Erholung in der Halbzeitpause&#8220; url=&#8220;@ET-DC@eyJkeW5hbWljIjp0cnVlLCJjb250ZW50IjoicG9zdF9saW5rX3VybF9wYWdlIiwic2V0dGluZ3MiOnsicG9zdF9pZCI6IjE2Njg5In19@&#8220; admin_label=&#8220;Image&#8220; _builder_version=&#8220;4.18.0&#8243; _dynamic_attributes=&#8220;url&#8220; _module_preset=&#8220;default&#8220; animation_style=&#8220;zoom&#8220; animation_delay=&#8220;200ms&#8220; global_colors_info=&#8220;{}&#8220;][\/et_pb_image][et_pb_text _builder_version=&#8220;4.18.0&#8243; _module_preset=&#8220;default&#8220; global_colors_info=&#8220;{}&#8220;]<\/p>\n<p style=\"font-weight: 400;\">Studien zur K\u00fchlung in der Halbzeit und sportliche Leistung &#8211; Universit\u00e4t von Alabama und Schwedisches Olympisches Komitee.<\/p>\n<p>[\/et_pb_text][et_pb_button button_url=&#8220;@ET-DC@eyJkeW5hbWljIjp0cnVlLCJjb250ZW50IjoicG9zdF9saW5rX3VybF9wYWdlIiwic2V0dGluZ3MiOnsicG9zdF9pZCI6IjE2Njg5In19@&#8220; button_text=&#8220;Mehr erfahren&#8220; _builder_version=&#8220;4.18.1&#8243; _dynamic_attributes=&#8220;button_url&#8220; _module_preset=&#8220;default&#8220; custom_button=&#8220;on&#8220; button_text_color=&#8220;#FFFFFF&#8220; button_bg_color=&#8220;#006079&#8243; button_font=&#8220;||||||||&#8220; button_on_hover=&#8220;off&#8220; global_colors_info=&#8220;{}&#8220;][\/et_pb_button][\/et_pb_column][et_pb_column type=&#8220;1_3&#8243; _builder_version=&#8220;4.18.0&#8243; _module_preset=&#8220;default&#8220; global_colors_info=&#8220;{}&#8220;][et_pb_text _builder_version=&#8220;4.18.0&#8243; _dynamic_attributes=&#8220;link_option_url&#8220; _module_preset=&#8220;default&#8220; link_option_url=&#8220;@ET-DC@eyJkeW5hbWljIjp0cnVlLCJjb250ZW50IjoicG9zdF9saW5rX3VybF9wYWdlIiwic2V0dGluZ3MiOnsicG9zdF9pZCI6IjE2Njk2In19@&#8220; global_colors_info=&#8220;{}&#8220;]<\/p>\n<h2 style=\"font-weight: 400;\">Gewichtsreduktion<\/h2>\n<p>[\/et_pb_text][et_pb_image src=&#8220;https:\/\/www.coretxcooling.com\/wp-content\/uploads\/2021\/01\/CoreTx-Weight-Loss-4-s.jpg&#8220; alt=&#8220;Gewichtsreduktion&#8220; title_text=&#8220;Gewichtsreduktion&#8220; url=&#8220;@ET-DC@eyJkeW5hbWljIjp0cnVlLCJjb250ZW50IjoicG9zdF9saW5rX3VybF9wYWdlIiwic2V0dGluZ3MiOnsicG9zdF9pZCI6IjE2Njk2In19@&#8220; admin_label=&#8220;Image&#8220; _builder_version=&#8220;4.18.0&#8243; _dynamic_attributes=&#8220;url&#8220; _module_preset=&#8220;default&#8220; animation_style=&#8220;zoom&#8220; animation_delay=&#8220;400ms&#8220; global_colors_info=&#8220;{}&#8220;][\/et_pb_image][et_pb_text _builder_version=&#8220;4.18.0&#8243; _module_preset=&#8220;default&#8220; global_colors_info=&#8220;{}&#8220;]<\/p>\n<p style=\"font-weight: 400;\">Studien der Stanford University zur Verbesserung der Fitness und der Gewichtsreduktion bei \u00fcbergewichtigen Frauen mit sitzender T\u00e4tigkeit.<\/p>\n<p>[\/et_pb_text][et_pb_button button_url=&#8220;@ET-DC@eyJkeW5hbWljIjp0cnVlLCJjb250ZW50IjoicG9zdF9saW5rX3VybF9wYWdlIiwic2V0dGluZ3MiOnsicG9zdF9pZCI6IjE2Njk2In19@&#8220; button_text=&#8220;Mehr erfahren&#8220; _builder_version=&#8220;4.18.1&#8243; _dynamic_attributes=&#8220;button_url&#8220; _module_preset=&#8220;default&#8220; custom_button=&#8220;on&#8220; button_text_color=&#8220;#FFFFFF&#8220; button_bg_color=&#8220;#006079&#8243; button_font=&#8220;||||||||&#8220; button_on_hover=&#8220;off&#8220; global_colors_info=&#8220;{}&#8220;][\/et_pb_button][\/et_pb_column][\/et_pb_row][et_pb_row admin_label=&#8220;Zeile&#8220; _builder_version=&#8220;4.18.0&#8243; _module_preset=&#8220;default&#8220; global_colors_info=&#8220;{}&#8220;][et_pb_column type=&#8220;4_4&#8243; _builder_version=&#8220;4.18.0&#8243; _module_preset=&#8220;default&#8220; global_colors_info=&#8220;{}&#8220;][et_pb_text _builder_version=&#8220;4.18.0&#8243; _module_preset=&#8220;default&#8220; global_colors_info=&#8220;{}&#8220;]<\/p>\n<p style=\"font-weight: 400;\"><strong>Forscher der Universit\u00e4t Stanford untersuchten auch den Einsatz der Handfl\u00e4chenk\u00fchlung bei Menschen, die an Krankheiten wie MS leiden, die ihre F\u00e4higkeit zur Regulierung der K\u00f6rpertemperatur beeintr\u00e4chtigen.<\/strong><\/p>\n<p style=\"font-weight: 400;\">CET-Kunden sind in \u00fcber 40 L\u00e4ndern ans\u00e4ssig, darunter Gro\u00dfbritannien, USA, Kanada, Frankreich, Deutschland, Schweiz, Irland und Saudi-Arabien.<\/p>\n<p style=\"font-weight: 400;\">Erfahren Sie, wie Sie die Vorteile der Handfl\u00e4chenk\u00fchlung mit dem CET CoreTx nutzen k\u00f6nnen. <a href=\"https:\/\/www.coretxcooling.com\/de\/informationen-und-preise-anfordern\/\">Kontaktieren Sie uns noch heute!<\/a><\/p>\n<p>[\/et_pb_text][\/et_pb_column][\/et_pb_row][\/et_pb_section]<\/p>\n","protected":false},"excerpt":{"rendered":"<p>FitnessstudioDer Erfolg liegt in Ihrer Hand Evidenzbasierte ForschungWissenschaftliche Grundlagen Evidenzbasierte Forschungsergebnisse belegen, dass Palm Cooling die Ergebnisse in den Bereichen Kraft und Kondition, Erholung in der Halbzeitpause und Gewichtsreduktion dramatisch verbessern kann, wie Wissenschaftler in Stanford und anderen f\u00fchrenden Universit\u00e4ten festgestellt haben. Dr. Craig Heller, Professor f\u00fcr Biologie an der Stanford University, erhielt von der [&hellip;]<\/p>\n","protected":false},"author":9,"featured_media":0,"parent":0,"menu_order":5,"comment_status":"closed","ping_status":"closed","template":"","meta":{"_et_pb_use_builder":"on","_et_pb_old_content":"","_et_gb_content_width":"","ngg_post_thumbnail":0,"footnotes":""},"class_list":["post-19207","page","type-page","status-publish","hentry"],"yoast_head":"<!-- This site is optimized with the Yoast SEO plugin v27.3 - https:\/\/yoast.com\/product\/yoast-seo-wordpress\/ -->\n<title>Bessere Leistung, leichtere Gewichtsabnahme und schnellere Erholung - alles liegt in Ihrer Hand.<\/title>\n<meta name=\"description\" content=\"CET CoreTx ist die effektivste Trainingshilfe, die Erm\u00fcdungserscheinungen reduziert, die Leistung steigert und Sie bei der Erreichung Ihrer Ziele beim Abnehmen unterst\u00fctzt.\" \/>\n<meta name=\"robots\" content=\"index, follow, max-snippet:-1, max-image-preview:large, max-video-preview:-1\" \/>\n<link rel=\"canonical\" href=\"https:\/\/www.coretxcooling.com\/de\/wissenschaft\/\" \/>\n<script type=\"application\/ld+json\" class=\"yoast-schema-graph\">{\"@context\":\"https:\\\/\\\/schema.org\",\"@graph\":[{\"@type\":\"WebPage\",\"@id\":\"https:\\\/\\\/www.coretxcooling.com\\\/de\\\/wissenschaft\\\/\",\"url\":\"https:\\\/\\\/www.coretxcooling.com\\\/de\\\/wissenschaft\\\/\",\"name\":\"Bessere Leistung, leichtere Gewichtsabnahme und schnellere Erholung - alles liegt in Ihrer Hand.\",\"isPartOf\":{\"@id\":\"https:\\\/\\\/www.coretxcooling.com\\\/de\\\/#website\"},\"datePublished\":\"2023-08-27T20:50:30+00:00\",\"dateModified\":\"2023-08-27T20:50:35+00:00\",\"description\":\"CET CoreTx ist die effektivste Trainingshilfe, die Erm\u00fcdungserscheinungen reduziert, die Leistung steigert und Sie bei der Erreichung Ihrer Ziele beim Abnehmen unterst\u00fctzt.\",\"breadcrumb\":{\"@id\":\"https:\\\/\\\/www.coretxcooling.com\\\/de\\\/wissenschaft\\\/#breadcrumb\"},\"inLanguage\":\"de\",\"potentialAction\":[{\"@type\":\"ReadAction\",\"target\":[\"https:\\\/\\\/www.coretxcooling.com\\\/de\\\/wissenschaft\\\/\"]}]},{\"@type\":\"BreadcrumbList\",\"@id\":\"https:\\\/\\\/www.coretxcooling.com\\\/de\\\/wissenschaft\\\/#breadcrumb\",\"itemListElement\":[{\"@type\":\"ListItem\",\"position\":1,\"name\":\"Home\",\"item\":\"https:\\\/\\\/www.coretxcooling.com\\\/de\\\/home\\\/\"},{\"@type\":\"ListItem\",\"position\":2,\"name\":\"Wissenschaft\"}]},{\"@type\":\"WebSite\",\"@id\":\"https:\\\/\\\/www.coretxcooling.com\\\/de\\\/#website\",\"url\":\"https:\\\/\\\/www.coretxcooling.com\\\/de\\\/\",\"name\":\"CoreTx Palm Cooling\",\"description\":\"Revolutionary Palm Cooling device to enhance performance\",\"publisher\":{\"@id\":\"https:\\\/\\\/www.coretxcooling.com\\\/de\\\/#organization\"},\"potentialAction\":[{\"@type\":\"SearchAction\",\"target\":{\"@type\":\"EntryPoint\",\"urlTemplate\":\"https:\\\/\\\/www.coretxcooling.com\\\/de\\\/?s={search_term_string}\"},\"query-input\":{\"@type\":\"PropertyValueSpecification\",\"valueRequired\":true,\"valueName\":\"search_term_string\"}}],\"inLanguage\":\"de\"},{\"@type\":\"Organization\",\"@id\":\"https:\\\/\\\/www.coretxcooling.com\\\/de\\\/#organization\",\"name\":\"CET CryoSpas\",\"url\":\"https:\\\/\\\/www.coretxcooling.com\\\/de\\\/\",\"logo\":{\"@type\":\"ImageObject\",\"inLanguage\":\"de\",\"@id\":\"https:\\\/\\\/www.coretxcooling.com\\\/de\\\/#\\\/schema\\\/logo\\\/image\\\/\",\"url\":\"\",\"contentUrl\":\"\",\"caption\":\"CET CryoSpas\"},\"image\":{\"@id\":\"https:\\\/\\\/www.coretxcooling.com\\\/de\\\/#\\\/schema\\\/logo\\\/image\\\/\"},\"sameAs\":[\"https:\\\/\\\/www.facebook.com\\\/CETCryoSpa\",\"https:\\\/\\\/x.com\\\/CETCryoSpa\",\"https:\\\/\\\/www.instagram.com\\\/cet_cryospas\\\/\"]}]}<\/script>\n<!-- \/ Yoast SEO plugin. -->","yoast_head_json":{"title":"Bessere Leistung, leichtere Gewichtsabnahme und schnellere Erholung - alles liegt in Ihrer Hand.","description":"CET CoreTx ist die effektivste Trainingshilfe, die Erm\u00fcdungserscheinungen reduziert, die Leistung steigert und Sie bei der Erreichung Ihrer Ziele beim Abnehmen unterst\u00fctzt.","robots":{"index":"index","follow":"follow","max-snippet":"max-snippet:-1","max-image-preview":"max-image-preview:large","max-video-preview":"max-video-preview:-1"},"canonical":"https:\/\/www.coretxcooling.com\/de\/wissenschaft\/","schema":{"@context":"https:\/\/schema.org","@graph":[{"@type":"WebPage","@id":"https:\/\/www.coretxcooling.com\/de\/wissenschaft\/","url":"https:\/\/www.coretxcooling.com\/de\/wissenschaft\/","name":"Bessere Leistung, leichtere Gewichtsabnahme und schnellere Erholung - alles liegt in Ihrer Hand.","isPartOf":{"@id":"https:\/\/www.coretxcooling.com\/de\/#website"},"datePublished":"2023-08-27T20:50:30+00:00","dateModified":"2023-08-27T20:50:35+00:00","description":"CET CoreTx ist die effektivste Trainingshilfe, die Erm\u00fcdungserscheinungen reduziert, die Leistung steigert und Sie bei der Erreichung Ihrer Ziele beim Abnehmen unterst\u00fctzt.","breadcrumb":{"@id":"https:\/\/www.coretxcooling.com\/de\/wissenschaft\/#breadcrumb"},"inLanguage":"de","potentialAction":[{"@type":"ReadAction","target":["https:\/\/www.coretxcooling.com\/de\/wissenschaft\/"]}]},{"@type":"BreadcrumbList","@id":"https:\/\/www.coretxcooling.com\/de\/wissenschaft\/#breadcrumb","itemListElement":[{"@type":"ListItem","position":1,"name":"Home","item":"https:\/\/www.coretxcooling.com\/de\/home\/"},{"@type":"ListItem","position":2,"name":"Wissenschaft"}]},{"@type":"WebSite","@id":"https:\/\/www.coretxcooling.com\/de\/#website","url":"https:\/\/www.coretxcooling.com\/de\/","name":"CoreTx Palm Cooling","description":"Revolutionary Palm Cooling device to enhance performance","publisher":{"@id":"https:\/\/www.coretxcooling.com\/de\/#organization"},"potentialAction":[{"@type":"SearchAction","target":{"@type":"EntryPoint","urlTemplate":"https:\/\/www.coretxcooling.com\/de\/?s={search_term_string}"},"query-input":{"@type":"PropertyValueSpecification","valueRequired":true,"valueName":"search_term_string"}}],"inLanguage":"de"},{"@type":"Organization","@id":"https:\/\/www.coretxcooling.com\/de\/#organization","name":"CET CryoSpas","url":"https:\/\/www.coretxcooling.com\/de\/","logo":{"@type":"ImageObject","inLanguage":"de","@id":"https:\/\/www.coretxcooling.com\/de\/#\/schema\/logo\/image\/","url":"","contentUrl":"","caption":"CET CryoSpas"},"image":{"@id":"https:\/\/www.coretxcooling.com\/de\/#\/schema\/logo\/image\/"},"sameAs":["https:\/\/www.facebook.com\/CETCryoSpa","https:\/\/x.com\/CETCryoSpa","https:\/\/www.instagram.com\/cet_cryospas\/"]}]}},"_links":{"self":[{"href":"https:\/\/www.coretxcooling.com\/de\/wp-json\/wp\/v2\/pages\/19207","targetHints":{"allow":["GET"]}}],"collection":[{"href":"https:\/\/www.coretxcooling.com\/de\/wp-json\/wp\/v2\/pages"}],"about":[{"href":"https:\/\/www.coretxcooling.com\/de\/wp-json\/wp\/v2\/types\/page"}],"author":[{"embeddable":true,"href":"https:\/\/www.coretxcooling.com\/de\/wp-json\/wp\/v2\/users\/9"}],"replies":[{"embeddable":true,"href":"https:\/\/www.coretxcooling.com\/de\/wp-json\/wp\/v2\/comments?post=19207"}],"version-history":[{"count":0,"href":"https:\/\/www.coretxcooling.com\/de\/wp-json\/wp\/v2\/pages\/19207\/revisions"}],"wp:attachment":[{"href":"https:\/\/www.coretxcooling.com\/de\/wp-json\/wp\/v2\/media?parent=19207"}],"curies":[{"name":"wp","href":"https:\/\/api.w.org\/{rel}","templated":true}]}}