{"id":19204,"date":"2023-08-27T21:36:07","date_gmt":"2023-08-27T20:36:07","guid":{"rendered":"https:\/\/www.coretxcooling.com\/informationen-und-preise-anfordern\/"},"modified":"2023-08-27T21:36:10","modified_gmt":"2023-08-27T20:36:10","slug":"informationen-und-preise-anfordern","status":"publish","type":"page","link":"https:\/\/www.coretxcooling.com\/de\/informationen-und-preise-anfordern\/","title":{"rendered":"Informationen und Preise anfordern"},"content":{"rendered":"<p>[et_pb_section fb_built=&#8220;1&#8243; custom_padding_last_edited=&#8220;off|desktop&#8220; prev_background_color=&#8220;#ffffff&#8220; admin_label=&#8220;Header&#8220; _builder_version=&#8220;4.18.0&#8243; background_color=&#8220;#2a2e40&#8243; use_background_color_gradient=&#8220;on&#8220; background_color_gradient_type=&#8220;circular&#8220; background_color_gradient_stops=&#8220;rgba(42,46,64,0.34) 0%|#2a2e40 90%&#8220; background_color_gradient_overlays_image=&#8220;on&#8220; background_color_gradient_start=&#8220;rgba(42,46,64,0.34)&#8220; background_color_gradient_end=&#8220;#2a2e40&#8243; background_color_gradient_end_position=&#8220;90%&#8220; background_image=&#8220;https:\/\/www.coretxcooling.com\/wp-content\/uploads\/2022\/09\/CoreTxGO-6-1024&#215;576-1.jpeg&#8220; background_position=&#8220;bottom_right&#8220; background_vertical_offset=&#8220;32%&#8220; custom_margin=&#8220;||60px||false|false&#8220; custom_padding=&#8220;||300px||false|false&#8220; custom_padding_tablet=&#8220;0vw||&#8220; custom_padding_phone=&#8220;0vw||&#8220; top_divider_style=&#8220;wave2&#8243; top_divider_repeat=&#8220;1x&#8220; top_divider_flip=&#8220;horizontal&#8220; bottom_divider_style=&#8220;wave2&#8243; bottom_divider_color=&#8220;#FFFFFF&#8220; bottom_divider_flip=&#8220;vertical&#8220; border_color_all=&#8220;RGBA(255,255,255,0)&#8220; border_style_all=&#8220;none&#8220; global_colors_info=&#8220;{}&#8220;][et_pb_row module_class=&#8220; et_pb_row_fullwidth&#8220; _builder_version=&#8220;4.16&#8243; width=&#8220;89%&#8220; width_tablet=&#8220;80%&#8220; width_phone=&#8220;&#8220; width_last_edited=&#8220;on|desktop&#8220; max_width=&#8220;89%&#8220; max_width_tablet=&#8220;80%&#8220; max_width_phone=&#8220;&#8220; max_width_last_edited=&#8220;on|desktop&#8220; mix_blend_mode=&#8220;overlay&#8220; make_fullwidth=&#8220;on&#8220; global_colors_info=&#8220;{}&#8220;][et_pb_column type=&#8220;4_4&#8243; _builder_version=&#8220;4.16&#8243; custom_padding=&#8220;|||&#8220; global_colors_info=&#8220;{}&#8220; custom_padding__hover=&#8220;|||&#8220;][et_pb_text _builder_version=&#8220;4.18.0&#8243; text_font=&#8220;Oswald|||on|||||&#8220; text_text_color=&#8220;rgba(255,255,255,0.5)&#8220; text_font_size=&#8220;24vw&#8220; text_line_height=&#8220;0em&#8220; header_font=&#8220;Oswald|||on|||||&#8220; header_font_size=&#8220;80px&#8220; header_letter_spacing=&#8220;20px&#8220; header_line_height=&#8220;1.2em&#8220; text_orientation=&#8220;right&#8220; background_layout=&#8220;dark&#8220; custom_margin=&#8220;||0.2em&#8220; custom_margin_phone=&#8220;||0em&#8220; custom_margin_last_edited=&#8220;off|desktop&#8220; filter_blur=&#8220;5px&#8220; animation_style=&#8220;slide&#8220; animation_direction=&#8220;left&#8220; animation_duration=&#8220;2000ms&#8220; animation_intensity_slide=&#8220;2%&#8220; text_font_size_tablet=&#8220;30vw&#8220; text_font_size_phone=&#8220;&#8220; text_font_size_last_edited=&#8220;on|desktop&#8220; header_font_size_tablet=&#8220;40px&#8220; header_font_size_phone=&#8220;30px&#8220; header_font_size_last_edited=&#8220;on|desktop&#8220; global_colors_info=&#8220;{}&#8220;]<\/p>\n<p>Fitnessstudio<\/p>\n<p>[\/et_pb_text][\/et_pb_column][\/et_pb_row][et_pb_row custom_padding_last_edited=&#8220;on|desktop&#8220; _builder_version=&#8220;4.16&#8243; width=&#8220;90%&#8220; max_width=&#8220;90%&#8220; custom_margin=&#8220;||&#8220; custom_padding=&#8220;||0|10%|false|false&#8220; custom_padding_tablet=&#8220;||40px|0%&#8220; custom_padding_phone=&#8220;&#8220; use_custom_width=&#8220;on&#8220; width_unit=&#8220;off&#8220; custom_width_percent=&#8220;90%&#8220; global_colors_info=&#8220;{}&#8220;][et_pb_column type=&#8220;4_4&#8243; _builder_version=&#8220;4.16&#8243; custom_padding=&#8220;|||&#8220; global_colors_info=&#8220;{}&#8220; custom_padding__hover=&#8220;|||&#8220;][et_pb_text _builder_version=&#8220;4.18.0&#8243; text_font=&#8220;||||||||&#8220; header_font=&#8220;Helvetica Neue||||||||&#8220; header_font_size=&#8220;6vw&#8220; header_letter_spacing=&#8220;0.1em&#8220; header_line_height=&#8220;1.2em&#8220; header_2_font=&#8220;||||||||&#8220; header_3_font=&#8220;Roboto||||||||&#8220; header_3_letter_spacing=&#8220;0.2em&#8220; header_3_line_height=&#8220;2.4em&#8220; background_layout=&#8220;dark&#8220; max_width=&#8220;80%&#8220; animation_style=&#8220;slide&#8220; animation_direction=&#8220;right&#8220; animation_duration=&#8220;2000ms&#8220; animation_intensity_slide=&#8220;2%&#8220; header_font_size_tablet=&#8220;40px&#8220; header_font_size_phone=&#8220;30px&#8220; header_font_size_last_edited=&#8220;on|desktop&#8220; header_letter_spacing_tablet=&#8220;10px&#8220; header_letter_spacing_phone=&#8220;7px&#8220; header_letter_spacing_last_edited=&#8220;off|desktop&#8220; header_line_height_tablet=&#8220;1.5em&#8220; header_line_height_phone=&#8220;1.5em&#8220; header_line_height_last_edited=&#8220;on|phone&#8220; header_3_font_size_tablet=&#8220;14px&#8220; header_3_font_size_phone=&#8220;14px&#8220; header_3_font_size_last_edited=&#8220;on|desktop&#8220; header_3_letter_spacing_tablet=&#8220;&#8220; header_3_letter_spacing_phone=&#8220;3px&#8220; header_3_letter_spacing_last_edited=&#8220;on|phone&#8220; global_colors_info=&#8220;{}&#8220;]<\/p>\n<h3>Der Erfolg liegt in Ihrer Hand<\/h3>\n<h1>Verbesserte Leistung<\/h1>\n<p>[\/et_pb_text][et_pb_button button_url=&#8220;https:\/\/www.coretxcooling.com\/request-information\/&#8220; button_text=&#8220;Beginne heute&#8220; _builder_version=&#8220;4.18.0&#8243; custom_button=&#8220;on&#8220; button_text_size=&#8220;16px&#8220; button_text_color=&#8220;#ffffff&#8220; button_bg_color=&#8220;rgba(0,0,0,0)&#8220; button_border_width=&#8220;0px&#8220; button_border_radius=&#8220;0px&#8220; button_letter_spacing=&#8220;5px&#8220; button_font=&#8220;|500||on|||||&#8220; button_use_icon=&#8220;off&#8220; custom_margin=&#8220;||&#8220; custom_padding=&#8220;15px||15px||true&#8220; box_shadow_style=&#8220;preset4&#8243; box_shadow_horizontal=&#8220;0px&#8220; box_shadow_vertical=&#8220;2px&#8220; box_shadow_color=&#8220;#0080a2&#8243; global_colors_info=&#8220;{}&#8220; button_bg_color__hover=&#8220;#ffffff&#8220; button_border_width__hover=&#8220;2px&#8220; button_text_color__hover=&#8220;#000000&#8243; button_border_color__hover=&#8220;#ffffff&#8220; box_shadow_vertical__hover_enabled=&#8220;on&#8220; box_shadow_vertical__hover=&#8220;8px&#8220;][\/et_pb_button][\/et_pb_column][\/et_pb_row][\/et_pb_section][et_pb_section fb_built=&#8220;1&#8243; admin_label=&#8220;section&#8220; _builder_version=&#8220;4.16&#8243; global_colors_info=&#8220;{}&#8220;][et_pb_row admin_label=&#8220;Zeile&#8220; _builder_version=&#8220;4.18.0&#8243; background_size=&#8220;initial&#8220; background_position=&#8220;top_left&#8220; background_repeat=&#8220;repeat&#8220; global_colors_info=&#8220;{}&#8220;][et_pb_column type=&#8220;4_4&#8243; _builder_version=&#8220;4.16&#8243; custom_padding=&#8220;|||&#8220; global_colors_info=&#8220;{}&#8220; custom_padding__hover=&#8220;|||&#8220;][et_pb_text admin_label=&#8220;Text&#8220; _builder_version=&#8220;4.18.0&#8243; background_size=&#8220;initial&#8220; background_position=&#8220;top_left&#8220; background_repeat=&#8220;repeat&#8220; custom_margin=&#8220;||30px||false|false&#8220; global_colors_info=&#8220;{}&#8220;]<\/p>\n<h1>CoreTx Palm Cooling<\/h1>\n<h3> <\/h3>\n<h3>Nehmen Sie Kontakt auf und erhalten Sie Informationen \u00fcber CoreTx Palm Cooling.<\/h3>\n<p>&nbsp;<\/p>\n<p>Bitte beachten Sie: CET Ltd sammelt pers\u00f6nliche Daten, wenn Sie dieses Formular ausf\u00fcllen oder eine Bestellung f\u00fcr Produkte oder Dienstleistungen aufgeben. Wir verwenden diese Informationen, um die angeforderten Dienstleistungen zu erbringen, Daten zur Gew\u00e4hrleistung zu speichern, Bestellungen zu bearbeiten und Ihnen, wenn Sie einverstanden sind, Marketinginformationen zuzusenden. CET Ltd. wird Ihre Daten nicht ohne Ihre Zustimmung zu Marketingzwecken an Dritte weitergeben. Weitere Informationen dar\u00fcber, wie wir Ihre Daten verwenden, finden Sie in unserer <a class=\"link\" href=\"https:\/\/www.coretxcooling.com\/privacy-policy\/\">Datenschutzrichtlinie<\/a>.<\/p>\n<p>[\/et_pb_text][\/et_pb_column][\/et_pb_row][et_pb_row admin_label=&#8220;Zeile&#8220; _builder_version=&#8220;4.18.0&#8243; background_size=&#8220;initial&#8220; background_position=&#8220;top_left&#8220; background_repeat=&#8220;repeat&#8220; global_colors_info=&#8220;{}&#8220;][et_pb_column type=&#8220;4_4&#8243; _builder_version=&#8220;4.18.0&#8243; custom_padding=&#8220;|||&#8220; global_colors_info=&#8220;{}&#8220; custom_padding__hover=&#8220;|||&#8220;][et_pb_text admin_label=&#8220;Text&#8220; _builder_version=&#8220;4.18.0&#8243; background_size=&#8220;initial&#8220; background_position=&#8220;top_left&#8220; background_repeat=&#8220;repeat&#8220; custom_margin=&#8220;|0px|30px|0px|false|true&#8220; custom_padding=&#8220;|0px||0px|false|true&#8220; global_colors_info=&#8220;{}&#8220;]<\/p>\n<div class=\"pipedriveWebForms\" data-pd-webforms=\"https:\/\/webforms.pipedrive.com\/f\/aY1QSMvytrnXv5FA3oki5155wEiA8wG98vBny4QOa44bDbr7BZo1J5nR7wIAGT\">\n<script src=\"https:\/\/webforms.pipedrive.com\/f\/loader\"><\/script>\n<\/div>\n<p>[\/et_pb_text][\/et_pb_column][\/et_pb_row][\/et_pb_section]<\/p>\n","protected":false},"excerpt":{"rendered":"<p>FitnessstudioDer Erfolg liegt in Ihrer Hand Verbesserte LeistungCoreTx Palm Cooling Nehmen Sie Kontakt auf und erhalten Sie Informationen \u00fcber CoreTx Palm Cooling. &nbsp; Bitte beachten Sie: CET Ltd sammelt pers\u00f6nliche Daten, wenn Sie dieses Formular ausf\u00fcllen oder eine Bestellung f\u00fcr Produkte oder Dienstleistungen aufgeben. Wir verwenden diese Informationen, um die angeforderten Dienstleistungen zu erbringen, Daten [&hellip;]<\/p>\n","protected":false},"author":9,"featured_media":0,"parent":0,"menu_order":7,"comment_status":"closed","ping_status":"closed","template":"","meta":{"_et_pb_use_builder":"on","_et_pb_old_content":"","_et_gb_content_width":"","ngg_post_thumbnail":0,"footnotes":""},"class_list":["post-19204","page","type-page","status-publish","hentry"],"yoast_head":"<!-- This site is optimized with the Yoast SEO plugin v27.3 - https:\/\/yoast.com\/product\/yoast-seo-wordpress\/ -->\n<title>Verwenden Sie CoreTx Palm Cooling f\u00fcr maximale Leistung<\/title>\n<meta name=\"description\" content=\"Erhalten Sie Informationen \u00fcber CoreTx Palm Cooling f\u00fcr professionelle Sportteams, Fitnessstudios und Gesundheitsclubs, die Streitkr\u00e4fte und Feuerwehr.\" \/>\n<meta name=\"robots\" content=\"index, follow, max-snippet:-1, max-image-preview:large, max-video-preview:-1\" \/>\n<link rel=\"canonical\" href=\"https:\/\/www.coretxcooling.com\/de\/informationen-und-preise-anfordern\/\" \/>\n<script type=\"application\/ld+json\" class=\"yoast-schema-graph\">{\"@context\":\"https:\\\/\\\/schema.org\",\"@graph\":[{\"@type\":\"WebPage\",\"@id\":\"https:\\\/\\\/www.coretxcooling.com\\\/de\\\/informationen-und-preise-anfordern\\\/\",\"url\":\"https:\\\/\\\/www.coretxcooling.com\\\/de\\\/informationen-und-preise-anfordern\\\/\",\"name\":\"Verwenden Sie CoreTx Palm Cooling f\u00fcr maximale Leistung\",\"isPartOf\":{\"@id\":\"https:\\\/\\\/www.coretxcooling.com\\\/de\\\/#website\"},\"datePublished\":\"2023-08-27T20:36:07+00:00\",\"dateModified\":\"2023-08-27T20:36:10+00:00\",\"description\":\"Erhalten Sie Informationen \u00fcber CoreTx Palm Cooling f\u00fcr professionelle Sportteams, Fitnessstudios und Gesundheitsclubs, die Streitkr\u00e4fte und Feuerwehr.\",\"breadcrumb\":{\"@id\":\"https:\\\/\\\/www.coretxcooling.com\\\/de\\\/informationen-und-preise-anfordern\\\/#breadcrumb\"},\"inLanguage\":\"de\",\"potentialAction\":[{\"@type\":\"ReadAction\",\"target\":[\"https:\\\/\\\/www.coretxcooling.com\\\/de\\\/informationen-und-preise-anfordern\\\/\"]}]},{\"@type\":\"BreadcrumbList\",\"@id\":\"https:\\\/\\\/www.coretxcooling.com\\\/de\\\/informationen-und-preise-anfordern\\\/#breadcrumb\",\"itemListElement\":[{\"@type\":\"ListItem\",\"position\":1,\"name\":\"Home\",\"item\":\"https:\\\/\\\/www.coretxcooling.com\\\/de\\\/home\\\/\"},{\"@type\":\"ListItem\",\"position\":2,\"name\":\"Informationen und Preise anfordern\"}]},{\"@type\":\"WebSite\",\"@id\":\"https:\\\/\\\/www.coretxcooling.com\\\/de\\\/#website\",\"url\":\"https:\\\/\\\/www.coretxcooling.com\\\/de\\\/\",\"name\":\"CoreTx Palm Cooling\",\"description\":\"Revolutionary Palm Cooling device to enhance performance\",\"publisher\":{\"@id\":\"https:\\\/\\\/www.coretxcooling.com\\\/de\\\/#organization\"},\"potentialAction\":[{\"@type\":\"SearchAction\",\"target\":{\"@type\":\"EntryPoint\",\"urlTemplate\":\"https:\\\/\\\/www.coretxcooling.com\\\/de\\\/?s={search_term_string}\"},\"query-input\":{\"@type\":\"PropertyValueSpecification\",\"valueRequired\":true,\"valueName\":\"search_term_string\"}}],\"inLanguage\":\"de\"},{\"@type\":\"Organization\",\"@id\":\"https:\\\/\\\/www.coretxcooling.com\\\/de\\\/#organization\",\"name\":\"CET CryoSpas\",\"url\":\"https:\\\/\\\/www.coretxcooling.com\\\/de\\\/\",\"logo\":{\"@type\":\"ImageObject\",\"inLanguage\":\"de\",\"@id\":\"https:\\\/\\\/www.coretxcooling.com\\\/de\\\/#\\\/schema\\\/logo\\\/image\\\/\",\"url\":\"\",\"contentUrl\":\"\",\"caption\":\"CET CryoSpas\"},\"image\":{\"@id\":\"https:\\\/\\\/www.coretxcooling.com\\\/de\\\/#\\\/schema\\\/logo\\\/image\\\/\"},\"sameAs\":[\"https:\\\/\\\/www.facebook.com\\\/CETCryoSpa\",\"https:\\\/\\\/x.com\\\/CETCryoSpa\",\"https:\\\/\\\/www.instagram.com\\\/cet_cryospas\\\/\"]}]}<\/script>\n<!-- \/ Yoast SEO plugin. -->","yoast_head_json":{"title":"Verwenden Sie CoreTx Palm Cooling f\u00fcr maximale Leistung","description":"Erhalten Sie Informationen \u00fcber CoreTx Palm Cooling f\u00fcr professionelle Sportteams, Fitnessstudios und Gesundheitsclubs, die Streitkr\u00e4fte und Feuerwehr.","robots":{"index":"index","follow":"follow","max-snippet":"max-snippet:-1","max-image-preview":"max-image-preview:large","max-video-preview":"max-video-preview:-1"},"canonical":"https:\/\/www.coretxcooling.com\/de\/informationen-und-preise-anfordern\/","schema":{"@context":"https:\/\/schema.org","@graph":[{"@type":"WebPage","@id":"https:\/\/www.coretxcooling.com\/de\/informationen-und-preise-anfordern\/","url":"https:\/\/www.coretxcooling.com\/de\/informationen-und-preise-anfordern\/","name":"Verwenden Sie CoreTx Palm Cooling f\u00fcr maximale Leistung","isPartOf":{"@id":"https:\/\/www.coretxcooling.com\/de\/#website"},"datePublished":"2023-08-27T20:36:07+00:00","dateModified":"2023-08-27T20:36:10+00:00","description":"Erhalten Sie Informationen \u00fcber CoreTx Palm Cooling f\u00fcr professionelle Sportteams, Fitnessstudios und Gesundheitsclubs, die Streitkr\u00e4fte und Feuerwehr.","breadcrumb":{"@id":"https:\/\/www.coretxcooling.com\/de\/informationen-und-preise-anfordern\/#breadcrumb"},"inLanguage":"de","potentialAction":[{"@type":"ReadAction","target":["https:\/\/www.coretxcooling.com\/de\/informationen-und-preise-anfordern\/"]}]},{"@type":"BreadcrumbList","@id":"https:\/\/www.coretxcooling.com\/de\/informationen-und-preise-anfordern\/#breadcrumb","itemListElement":[{"@type":"ListItem","position":1,"name":"Home","item":"https:\/\/www.coretxcooling.com\/de\/home\/"},{"@type":"ListItem","position":2,"name":"Informationen und Preise anfordern"}]},{"@type":"WebSite","@id":"https:\/\/www.coretxcooling.com\/de\/#website","url":"https:\/\/www.coretxcooling.com\/de\/","name":"CoreTx Palm Cooling","description":"Revolutionary Palm Cooling device to enhance performance","publisher":{"@id":"https:\/\/www.coretxcooling.com\/de\/#organization"},"potentialAction":[{"@type":"SearchAction","target":{"@type":"EntryPoint","urlTemplate":"https:\/\/www.coretxcooling.com\/de\/?s={search_term_string}"},"query-input":{"@type":"PropertyValueSpecification","valueRequired":true,"valueName":"search_term_string"}}],"inLanguage":"de"},{"@type":"Organization","@id":"https:\/\/www.coretxcooling.com\/de\/#organization","name":"CET CryoSpas","url":"https:\/\/www.coretxcooling.com\/de\/","logo":{"@type":"ImageObject","inLanguage":"de","@id":"https:\/\/www.coretxcooling.com\/de\/#\/schema\/logo\/image\/","url":"","contentUrl":"","caption":"CET CryoSpas"},"image":{"@id":"https:\/\/www.coretxcooling.com\/de\/#\/schema\/logo\/image\/"},"sameAs":["https:\/\/www.facebook.com\/CETCryoSpa","https:\/\/x.com\/CETCryoSpa","https:\/\/www.instagram.com\/cet_cryospas\/"]}]}},"_links":{"self":[{"href":"https:\/\/www.coretxcooling.com\/de\/wp-json\/wp\/v2\/pages\/19204","targetHints":{"allow":["GET"]}}],"collection":[{"href":"https:\/\/www.coretxcooling.com\/de\/wp-json\/wp\/v2\/pages"}],"about":[{"href":"https:\/\/www.coretxcooling.com\/de\/wp-json\/wp\/v2\/types\/page"}],"author":[{"embeddable":true,"href":"https:\/\/www.coretxcooling.com\/de\/wp-json\/wp\/v2\/users\/9"}],"replies":[{"embeddable":true,"href":"https:\/\/www.coretxcooling.com\/de\/wp-json\/wp\/v2\/comments?post=19204"}],"version-history":[{"count":0,"href":"https:\/\/www.coretxcooling.com\/de\/wp-json\/wp\/v2\/pages\/19204\/revisions"}],"wp:attachment":[{"href":"https:\/\/www.coretxcooling.com\/de\/wp-json\/wp\/v2\/media?parent=19204"}],"curies":[{"name":"wp","href":"https:\/\/api.w.org\/{rel}","templated":true}]}}