{"id":19182,"date":"2023-08-27T19:49:58","date_gmt":"2023-08-27T18:49:58","guid":{"rendered":"https:\/\/www.coretxcooling.com\/wie-es-funktioniert\/erholung\/"},"modified":"2023-08-27T19:50:13","modified_gmt":"2023-08-27T18:50:13","slug":"erholung","status":"publish","type":"page","link":"https:\/\/www.coretxcooling.com\/de\/wie-es-funktioniert\/erholung\/","title":{"rendered":"Erholung"},"content":{"rendered":"<p>[et_pb_section fb_built=&#8220;1&#8243; custom_padding_last_edited=&#8220;off|desktop&#8220; prev_background_color=&#8220;#ffffff&#8220; admin_label=&#8220;Header&#8220; _builder_version=&#8220;4.18.0&#8243; background_color=&#8220;#2a2e40&#8243; use_background_color_gradient=&#8220;on&#8220; background_color_gradient_type=&#8220;circular&#8220; background_color_gradient_stops=&#8220;rgba(42,46,64,0.34) 0%|#2a2e40 90%&#8220; background_color_gradient_overlays_image=&#8220;on&#8220; background_color_gradient_start=&#8220;rgba(42,46,64,0.34)&#8220; background_color_gradient_end=&#8220;#2a2e40&#8243; background_color_gradient_end_position=&#8220;90%&#8220; background_image=&#8220;https:\/\/www.coretxcooling.com\/wp-content\/uploads\/2020\/11\/CoreTx-AmFootballer-3.jpg&#8220; background_position=&#8220;top_center&#8220; background_vertical_offset=&#8220;0%&#8220; custom_margin=&#8220;||60px||false|false&#8220; custom_padding=&#8220;||300px||false|false&#8220; custom_padding_tablet=&#8220;0vw||&#8220; custom_padding_phone=&#8220;0vw||&#8220; top_divider_style=&#8220;wave2&#8243; top_divider_repeat=&#8220;1x&#8220; top_divider_flip=&#8220;horizontal&#8220; bottom_divider_style=&#8220;wave2&#8243; bottom_divider_color=&#8220;#FFFFFF&#8220; bottom_divider_flip=&#8220;vertical&#8220; border_color_all=&#8220;RGBA(255,255,255,0)&#8220; border_style_all=&#8220;none&#8220; global_colors_info=&#8220;{}&#8220;][et_pb_row module_class=&#8220; et_pb_row_fullwidth&#8220; _builder_version=&#8220;4.16&#8243; width=&#8220;89%&#8220; width_tablet=&#8220;80%&#8220; width_phone=&#8220;&#8220; width_last_edited=&#8220;on|desktop&#8220; max_width=&#8220;89%&#8220; max_width_tablet=&#8220;80%&#8220; max_width_phone=&#8220;&#8220; max_width_last_edited=&#8220;on|desktop&#8220; mix_blend_mode=&#8220;overlay&#8220; make_fullwidth=&#8220;on&#8220; global_colors_info=&#8220;{}&#8220;][et_pb_column type=&#8220;4_4&#8243; admin_label=&#8220;Spalte&#8220; _builder_version=&#8220;4.16&#8243; custom_padding=&#8220;|||&#8220; global_colors_info=&#8220;{}&#8220; custom_padding__hover=&#8220;|||&#8220;][et_pb_text _builder_version=&#8220;4.18.0&#8243; text_font=&#8220;Oswald|||on|||||&#8220; text_text_color=&#8220;rgba(255,255,255,0.5)&#8220; text_font_size=&#8220;24vw&#8220; text_line_height=&#8220;0em&#8220; header_font=&#8220;Oswald|||on|||||&#8220; header_font_size=&#8220;80px&#8220; header_letter_spacing=&#8220;20px&#8220; header_line_height=&#8220;1.2em&#8220; text_orientation=&#8220;right&#8220; background_layout=&#8220;dark&#8220; custom_margin=&#8220;||0.2em&#8220; custom_margin_phone=&#8220;||0em&#8220; custom_margin_last_edited=&#8220;off|desktop&#8220; filter_blur=&#8220;5px&#8220; animation_style=&#8220;slide&#8220; animation_direction=&#8220;left&#8220; animation_duration=&#8220;2000ms&#8220; animation_intensity_slide=&#8220;2%&#8220; text_font_size_tablet=&#8220;30vw&#8220; text_font_size_phone=&#8220;&#8220; text_font_size_last_edited=&#8220;on|desktop&#8220; header_font_size_tablet=&#8220;40px&#8220; header_font_size_phone=&#8220;30px&#8220; header_font_size_last_edited=&#8220;on|desktop&#8220; global_colors_info=&#8220;{}&#8220;]<\/p>\n<p>Gewinne<\/p>\n<p>[\/et_pb_text][et_pb_code _builder_version=&#8220;4.18.0&#8243; _module_preset=&#8220;default&#8220; global_colors_info=&#8220;{}&#8220;]<script><!-- [et_pb_line_break_holder] -->  document.addEventListener( 'wpcf7mailsent', function( event ) {<!-- [et_pb_line_break_holder] -->ga('send', 'event', 'Research form EN', 'submit');<!-- [et_pb_line_break_holder] -->}, false );<!-- [et_pb_line_break_holder] --><!-- [et_pb_line_break_holder] -->gtag('event', 'conversion', {'send_to': 'AW-1072706149\/GVutCM2dsMoBEOXkwP8D'});<!-- [et_pb_line_break_holder] --><\/script>[\/et_pb_code][\/et_pb_column][\/et_pb_row][et_pb_row custom_padding_last_edited=&#8220;on|desktop&#8220; _builder_version=&#8220;4.16&#8243; width=&#8220;90%&#8220; max_width=&#8220;90%&#8220; custom_margin=&#8220;||&#8220; custom_padding=&#8220;||0|10%|false|false&#8220; custom_padding_tablet=&#8220;||40px|0%&#8220; custom_padding_phone=&#8220;&#8220; use_custom_width=&#8220;on&#8220; width_unit=&#8220;off&#8220; custom_width_percent=&#8220;90%&#8220; global_colors_info=&#8220;{}&#8220;][et_pb_column type=&#8220;4_4&#8243; _builder_version=&#8220;4.16&#8243; custom_padding=&#8220;|||&#8220; global_colors_info=&#8220;{}&#8220; custom_padding__hover=&#8220;|||&#8220;][et_pb_text _builder_version=&#8220;4.18.0&#8243; text_font=&#8220;||||||||&#8220; header_font=&#8220;Helvetica Neue||||||||&#8220; header_font_size=&#8220;6vw&#8220; header_letter_spacing=&#8220;0.1em&#8220; header_line_height=&#8220;1.2em&#8220; header_2_font=&#8220;||||||||&#8220; header_3_font=&#8220;Roboto||||||||&#8220; header_3_letter_spacing=&#8220;0.2em&#8220; header_3_line_height=&#8220;2.4em&#8220; background_layout=&#8220;dark&#8220; max_width=&#8220;80%&#8220; animation_style=&#8220;slide&#8220; animation_direction=&#8220;right&#8220; animation_duration=&#8220;2000ms&#8220; animation_intensity_slide=&#8220;2%&#8220; header_font_size_tablet=&#8220;40px&#8220; header_font_size_phone=&#8220;30px&#8220; header_font_size_last_edited=&#8220;on|desktop&#8220; header_letter_spacing_tablet=&#8220;10px&#8220; header_letter_spacing_phone=&#8220;7px&#8220; header_letter_spacing_last_edited=&#8220;off|desktop&#8220; header_line_height_tablet=&#8220;1.5em&#8220; header_line_height_phone=&#8220;1.5em&#8220; header_line_height_last_edited=&#8220;on|phone&#8220; header_3_font_size_tablet=&#8220;14px&#8220; header_3_font_size_phone=&#8220;14px&#8220; header_3_font_size_last_edited=&#8220;on|desktop&#8220; header_3_letter_spacing_tablet=&#8220;&#8220; header_3_letter_spacing_phone=&#8220;3px&#8220; header_3_letter_spacing_last_edited=&#8220;on|phone&#8220; global_colors_info=&#8220;{}&#8220;]<\/p>\n<h2>Handfl\u00e4chenk\u00fchlung bek\u00e4mpft M\u00fcdigkeit in der Halbzeit<\/h2>\n<h1>Cool.. K\u00fchle dich, um zu gewinnen<\/h1>\n<p>[\/et_pb_text][et_pb_button button_url=&#8220;@ET-DC@eyJkeW5hbWljIjp0cnVlLCJjb250ZW50IjoicG9zdF9saW5rX3VybF9wYWdlIiwic2V0dGluZ3MiOnsicG9zdF9pZCI6Ijc4MzYifX0=@&#8220; button_text=&#8220;Beginne heute&#8220; _builder_version=&#8220;4.18.0&#8243; _dynamic_attributes=&#8220;button_url&#8220; custom_button=&#8220;on&#8220; button_text_size=&#8220;16px&#8220; button_text_color=&#8220;#ffffff&#8220; button_bg_color=&#8220;rgba(0,0,0,0)&#8220; button_border_width=&#8220;0px&#8220; button_border_radius=&#8220;0px&#8220; button_letter_spacing=&#8220;5px&#8220; button_font=&#8220;|500||on|||||&#8220; button_use_icon=&#8220;off&#8220; custom_margin=&#8220;||&#8220; custom_padding=&#8220;15px||15px||true&#8220; box_shadow_style=&#8220;preset4&#8243; box_shadow_horizontal=&#8220;0px&#8220; box_shadow_vertical=&#8220;2px&#8220; box_shadow_color=&#8220;#0080a2&#8243; global_colors_info=&#8220;{}&#8220; button_bg_color__hover=&#8220;#ffffff&#8220; button_border_width__hover=&#8220;2px&#8220; button_text_color__hover=&#8220;#000000&#8243; button_border_color__hover=&#8220;#ffffff&#8220; box_shadow_vertical__hover_enabled=&#8220;on&#8220; box_shadow_vertical__hover=&#8220;8px&#8220;][\/et_pb_button][\/et_pb_column][\/et_pb_row][\/et_pb_section][et_pb_section fb_built=&#8220;1&#8243; _builder_version=&#8220;4.16&#8243; global_colors_info=&#8220;{}&#8220;][et_pb_row _builder_version=&#8220;4.16&#8243; background_size=&#8220;initial&#8220; background_position=&#8220;top_left&#8220; background_repeat=&#8220;repeat&#8220; global_colors_info=&#8220;{}&#8220;][et_pb_column type=&#8220;4_4&#8243; _builder_version=&#8220;4.16&#8243; custom_padding=&#8220;|||&#8220; global_colors_info=&#8220;{}&#8220; custom_padding__hover=&#8220;|||&#8220;][et_pb_text _builder_version=&#8220;4.18.0&#8243; background_size=&#8220;initial&#8220; background_position=&#8220;top_left&#8220; background_repeat=&#8220;repeat&#8220; custom_padding=&#8220;||30px||false|false&#8220; global_colors_info=&#8220;{}&#8220;]<\/p>\n<h1>Erholung in der Halbzeitpause<\/h1>\n<p>Der Weg zur effektiven Nutzung der <strong>Technologie zur K\u00fchlung von Handfl\u00e4chen f\u00fcr die<\/strong> <b>Erholung<\/b>in der Mitte einer Aktivit\u00e4t oder in der Halbzeitpause begann, als das <strong>US-Milit\u00e4r<\/strong> die <strong>Universit\u00e4t Stanford<\/strong> beauftragte, zu untersuchen, wie Soldaten mit <strong>Hitzestress <\/strong>umgehen k\u00f6nnen. Die Herausforderung f\u00fcr die <strong>Stanford-Wissenschaftler<\/strong> bestand darin, die <strong>Hitzebelastung<\/strong> zu bek\u00e4mpfen, die durch das Tragen von Schutzkleidung unter schwierigen Umgebungsbedingungen und oft auch durch ein hohes Ma\u00df an k\u00f6rperlicher Aktivit\u00e4t entsteht.  <\/p>\n<p>Mit der Zeit entwickelte man in Stanford den <strong>Stanford Cooling Glove,<\/strong> der sich die F\u00e4higkeit des K\u00f6rpers zunutze macht, W\u00e4rme \u00fcber die Handfl\u00e4chen abzugeben &#8211; einen der wichtigsten W\u00e4rmetauscher des K\u00f6rpers (die anderen beiden sind die Fu\u00dfsohlen und das obere Gesicht &#8211; im Grunde die nicht behaarten Teile des K\u00f6rpers).<\/p>\n<p>Unabh\u00e4ngig davon, ob der Hitzestress durch das Tragen von <strong>Schutzkleidung<\/strong>(z. B. beim Milit\u00e4r oder bei der Brandbek\u00e4mpfung), durch <strong>hohe Umgebungstemperaturen<\/strong> oder durch <strong>k\u00f6rperliche Aktivit\u00e4t<\/strong> (z. B. im Profisport) verursacht wird, kann die K\u00fchlung der Handfl\u00e4chen <strong>eine \u00dcberhitzung erheblich verz\u00f6gern<\/strong>. Dies hat zur Folge, dass man sowohl k\u00f6rperlich als auch geistig leistungsf\u00e4higer wird.<\/p>\n<p>&nbsp;<\/p>\n<h2>So verwenden Sie den CoreTx<\/h2>\n<p>Im Sport k\u00f6nnen sich Spieler oder Athleten in Wettkampfpausen, z. B. im Fu\u00dfball in der Halbzeitpause eines Fu\u00dfballspiels, schnell erholen. Da die Spieler ihre k\u00f6rperliche Aktivit\u00e4t f\u00fcr den Tag noch nicht abgeschlossen haben, m\u00fcssen sie die Muskeln warm halten, um <strong>das Verletzungsrisiko zu verringern,<\/strong> wenn es in die zweite Halbzeit des Spiels geht.<\/p>\n<p>Angesichts der begrenzten Zeit, die in den Spielpausen zur Verf\u00fcgung steht, haben die Fu\u00dfballer in der Regel nur ein kurzes Zeitfenster, um sich zu rehydrieren und aufzutanken und um Anweisungen der Trainer zu erhalten, so dass nur wenig Zeit f\u00fcr Erholungsma\u00dfnahmen bleibt.<\/p>\n<p>Das<strong> schnell wirkende CoreTx<\/strong> l\u00f6st dieses Problem &#8211; durch die K\u00fchlung der Handfl\u00e4che mittels einer Kombination aus Konduktion und Konvektion werden <strong>nur 2 bis 3 Minuten<\/strong> ben\u00f6tigt, um die Kerntemperatur zu senken, w\u00e4hrend die Muskeln im Allgemeinen warm und bereit f\u00fcr weitere Aktivit\u00e4ten bleiben. Diese Abk\u00fchlung des Blutes hat einen doppelten Vorteil: Die Spieler sind in der Lage, k\u00f6rperlich mehr zu leisten, und f\u00fchlen sich auch geistig stimuliert, so dass sie im letzten Viertel des Spiels bessere Entscheidungen treffen k\u00f6nnen.<\/p>\n<p>&nbsp;<\/p>\n<h2>So funktioniert der CoreTx<\/h2>\n<p>Wenn die K\u00f6rpertemperatur \u00fcber den normalen Bereich hinaus ansteigt, nimmt die k\u00f6rperliche und geistige Leistungsf\u00e4higkeit rasch ab. Das Ergebnis ist ein beschleunigtes Einsetzen der M\u00fcdigkeit in Verbindung mit einer schlechten Entscheidungsfindung, die sich negativ auf die Ergebnisse auswirken kann.<\/p>\n<p>Wissenschaftler der Stanford University stellten fest, dass die K\u00fchlung der Handfl\u00e4chen ein schnelles und <strong>wirksames Mittel zur Bek\u00e4mpfung von Hitzestress<\/strong> ist, das die Erm\u00fcdung hinausz\u00f6gert und es Sportlern (oder Soldaten oder Feuerwehrleuten) erm\u00f6glicht, bei der n\u00e4chsten Aktivit\u00e4t <strong>mehr zu leisten<\/strong>. <\/p>\n<p>[\/et_pb_text][et_pb_contact_form email=&#8220;k.geczi@cetcryospas.com&#8220; title=&#8220;Informationen und Preise anfordern&#8220; custom_message=&#8220;Enquiry from CoreTx Website:||et_pb_line_break_holder||||et_pb_line_break_holder||%%name%%||et_pb_line_break_holder||||et_pb_line_break_holder||%%email%%||et_pb_line_break_holder||||et_pb_line_break_holder||%%phone%%||et_pb_line_break_holder||||et_pb_line_break_holder||%%country%%||et_pb_line_break_holder||||et_pb_line_break_holder||%%organisation_or_team%%||et_pb_line_break_holder||||et_pb_line_break_holder||%%message%%||et_pb_line_break_holder||||et_pb_line_break_holder||%%gdpr%%||et_pb_line_break_holder||&#8220; success_message=&#8220;Vielen Dank, dass du uns kontaktiert hast. Wir werden uns in K\u00fcrze mit dir in Verbindung setzen.&#8220; submit_button_text=&#8220;Senden&#8220; _builder_version=&#8220;4.18.0&#8243; _module_preset=&#8220;default&#8220; _unique_id=&#8220;debe72f5-4b36-4567-a137-9c831df06eee&#8220; global_colors_info=&#8220;{}&#8220;][et_pb_contact_field field_id=&#8220;name&#8220; field_title=&#8220;Name&#8220; _builder_version=&#8220;4.18.0&#8243; global_colors_info=&#8220;{}&#8220; button_text_size__hover_enabled=&#8220;off&#8220; button_one_text_size__hover_enabled=&#8220;off&#8220; button_two_text_size__hover_enabled=&#8220;off&#8220; button_text_color__hover_enabled=&#8220;off&#8220; button_one_text_color__hover_enabled=&#8220;off&#8220; button_two_text_color__hover_enabled=&#8220;off&#8220; button_border_width__hover_enabled=&#8220;off&#8220; button_one_border_width__hover_enabled=&#8220;off&#8220; button_two_border_width__hover_enabled=&#8220;off&#8220; button_border_color__hover_enabled=&#8220;off&#8220; button_one_border_color__hover_enabled=&#8220;off&#8220; button_two_border_color__hover_enabled=&#8220;off&#8220; button_border_radius__hover_enabled=&#8220;off&#8220; button_one_border_radius__hover_enabled=&#8220;off&#8220; button_two_border_radius__hover_enabled=&#8220;off&#8220; button_letter_spacing__hover_enabled=&#8220;off&#8220; button_one_letter_spacing__hover_enabled=&#8220;off&#8220; button_two_letter_spacing__hover_enabled=&#8220;off&#8220; button_bg_color__hover_enabled=&#8220;off&#8220; button_one_bg_color__hover_enabled=&#8220;off&#8220; button_two_bg_color__hover_enabled=&#8220;off&#8220;][\/et_pb_contact_field][et_pb_contact_field field_id=&#8220;email&#8220; field_title=&#8220;E-Mail-Adresse&#8220; field_type=&#8220;email&#8220; _builder_version=&#8220;4.18.0&#8243; global_colors_info=&#8220;{}&#8220; button_text_size__hover_enabled=&#8220;off&#8220; button_one_text_size__hover_enabled=&#8220;off&#8220; button_two_text_size__hover_enabled=&#8220;off&#8220; button_text_color__hover_enabled=&#8220;off&#8220; button_one_text_color__hover_enabled=&#8220;off&#8220; button_two_text_color__hover_enabled=&#8220;off&#8220; button_border_width__hover_enabled=&#8220;off&#8220; button_one_border_width__hover_enabled=&#8220;off&#8220; button_two_border_width__hover_enabled=&#8220;off&#8220; button_border_color__hover_enabled=&#8220;off&#8220; button_one_border_color__hover_enabled=&#8220;off&#8220; button_two_border_color__hover_enabled=&#8220;off&#8220; button_border_radius__hover_enabled=&#8220;off&#8220; button_one_border_radius__hover_enabled=&#8220;off&#8220; button_two_border_radius__hover_enabled=&#8220;off&#8220; button_letter_spacing__hover_enabled=&#8220;off&#8220; button_one_letter_spacing__hover_enabled=&#8220;off&#8220; button_two_letter_spacing__hover_enabled=&#8220;off&#8220; button_bg_color__hover_enabled=&#8220;off&#8220; button_one_bg_color__hover_enabled=&#8220;off&#8220; button_two_bg_color__hover_enabled=&#8220;off&#8220;][\/et_pb_contact_field][et_pb_contact_field field_id=&#8220;phone&#8220; field_title=&#8220;Telefon&#8220; fullwidth_field=&#8220;on&#8220; _builder_version=&#8220;4.18.0&#8243; _module_preset=&#8220;default&#8220; global_colors_info=&#8220;{}&#8220;][\/et_pb_contact_field][et_pb_contact_field field_id=&#8220;country&#8220; field_title=&#8220;Land&#8220; fullwidth_field=&#8220;on&#8220; _builder_version=&#8220;4.18.0&#8243; _module_preset=&#8220;default&#8220; global_colors_info=&#8220;{}&#8220;][\/et_pb_contact_field][et_pb_contact_field field_id=&#8220;organisation_or_team&#8220; field_title=&#8220;Organisation oder Team&#8220; fullwidth_field=&#8220;on&#8220; _builder_version=&#8220;4.18.0&#8243; _module_preset=&#8220;default&#8220; global_colors_info=&#8220;{}&#8220;][\/et_pb_contact_field][et_pb_contact_field field_id=&#8220;message&#8220; field_title=&#8220;Nachricht (optional)&#8220; field_type=&#8220;text&#8220; required_mark=&#8220;off&#8220; fullwidth_field=&#8220;on&#8220; _builder_version=&#8220;4.18.0&#8243; global_colors_info=&#8220;{}&#8220; button_text_size__hover_enabled=&#8220;off&#8220; button_one_text_size__hover_enabled=&#8220;off&#8220; button_two_text_size__hover_enabled=&#8220;off&#8220; button_text_color__hover_enabled=&#8220;off&#8220; button_one_text_color__hover_enabled=&#8220;off&#8220; button_two_text_color__hover_enabled=&#8220;off&#8220; button_border_width__hover_enabled=&#8220;off&#8220; button_one_border_width__hover_enabled=&#8220;off&#8220; button_two_border_width__hover_enabled=&#8220;off&#8220; button_border_color__hover_enabled=&#8220;off&#8220; button_one_border_color__hover_enabled=&#8220;off&#8220; button_two_border_color__hover_enabled=&#8220;off&#8220; button_border_radius__hover_enabled=&#8220;off&#8220; button_one_border_radius__hover_enabled=&#8220;off&#8220; button_two_border_radius__hover_enabled=&#8220;off&#8220; button_letter_spacing__hover_enabled=&#8220;off&#8220; button_one_letter_spacing__hover_enabled=&#8220;off&#8220; button_two_letter_spacing__hover_enabled=&#8220;off&#8220; button_bg_color__hover_enabled=&#8220;off&#8220; button_one_bg_color__hover_enabled=&#8220;off&#8220; button_two_bg_color__hover_enabled=&#8220;off&#8220;][\/et_pb_contact_field][et_pb_contact_field field_id=&#8220;gdpr&#8220; field_title=&#8220;DSGVO Zustimmung&#8220; field_type=&#8220;checkbox&#8220; checkbox_options=&#8220;%91{%22value%22:%22Mit der Nutzung dieses Formulars erkl\u00e4re ich mich mit der Speicherung und Verarbeitung meiner Daten durch diese Website einverstanden.%22,%22checked%22:0,%22dragID%22:-1}%93&#8243; fullwidth_field=&#8220;on&#8220; _builder_version=&#8220;4.18.0&#8243; _module_preset=&#8220;default&#8220; global_colors_info=&#8220;{}&#8220;][\/et_pb_contact_field][\/et_pb_contact_form][\/et_pb_column][\/et_pb_row][\/et_pb_section]<\/p>\n","protected":false},"excerpt":{"rendered":"<p>GewinneHandfl\u00e4chenk\u00fchlung bek\u00e4mpft M\u00fcdigkeit in der Halbzeit Cool.. K\u00fchle dich, um zu gewinnenErholung in der Halbzeitpause Der Weg zur effektiven Nutzung der Technologie zur K\u00fchlung von Handfl\u00e4chen f\u00fcr die Erholungin der Mitte einer Aktivit\u00e4t oder in der Halbzeitpause begann, als das US-Milit\u00e4r die Universit\u00e4t Stanford beauftragte, zu untersuchen, wie Soldaten mit Hitzestress umgehen k\u00f6nnen. Die Herausforderung [&hellip;]<\/p>\n","protected":false},"author":9,"featured_media":0,"parent":19176,"menu_order":2,"comment_status":"closed","ping_status":"closed","template":"","meta":{"_et_pb_use_builder":"on","_et_pb_old_content":"","_et_gb_content_width":"","ngg_post_thumbnail":0,"footnotes":""},"class_list":["post-19182","page","type-page","status-publish","hentry"],"yoast_head":"<!-- This site is optimized with the Yoast SEO plugin v27.3 - https:\/\/yoast.com\/product\/yoast-seo-wordpress\/ -->\n<title>Die Erholung in der Halbzeitpause wurde durch den Einsatz von CoreTx Palm Cooling deutlich verbessert.<\/title>\n<meta name=\"description\" content=\"Wenn aktivierte Muskeln \u00fcberhitzen, verschlechtert sich die Leistung. Bek\u00e4mpfen Sie Hitzestress und verbessern Sie die Erholung in der Halbzeitpause mit dem CoreTx Palm Cooling\" \/>\n<meta name=\"robots\" content=\"index, follow, max-snippet:-1, max-image-preview:large, max-video-preview:-1\" \/>\n<link rel=\"canonical\" href=\"https:\/\/www.coretxcooling.com\/de\/wie-es-funktioniert\/erholung\/\" \/>\n<script type=\"application\/ld+json\" class=\"yoast-schema-graph\">{\"@context\":\"https:\\\/\\\/schema.org\",\"@graph\":[{\"@type\":\"WebPage\",\"@id\":\"https:\\\/\\\/www.coretxcooling.com\\\/de\\\/wie-es-funktioniert\\\/erholung\\\/\",\"url\":\"https:\\\/\\\/www.coretxcooling.com\\\/de\\\/wie-es-funktioniert\\\/erholung\\\/\",\"name\":\"Die Erholung in der Halbzeitpause wurde durch den Einsatz von CoreTx Palm Cooling deutlich verbessert.\",\"isPartOf\":{\"@id\":\"https:\\\/\\\/www.coretxcooling.com\\\/de\\\/#website\"},\"datePublished\":\"2023-08-27T18:49:58+00:00\",\"dateModified\":\"2023-08-27T18:50:13+00:00\",\"description\":\"Wenn aktivierte Muskeln \u00fcberhitzen, verschlechtert sich die Leistung. Bek\u00e4mpfen Sie Hitzestress und verbessern Sie die Erholung in der Halbzeitpause mit dem CoreTx Palm Cooling\",\"breadcrumb\":{\"@id\":\"https:\\\/\\\/www.coretxcooling.com\\\/de\\\/wie-es-funktioniert\\\/erholung\\\/#breadcrumb\"},\"inLanguage\":\"de\",\"potentialAction\":[{\"@type\":\"ReadAction\",\"target\":[\"https:\\\/\\\/www.coretxcooling.com\\\/de\\\/wie-es-funktioniert\\\/erholung\\\/\"]}]},{\"@type\":\"BreadcrumbList\",\"@id\":\"https:\\\/\\\/www.coretxcooling.com\\\/de\\\/wie-es-funktioniert\\\/erholung\\\/#breadcrumb\",\"itemListElement\":[{\"@type\":\"ListItem\",\"position\":1,\"name\":\"Home\",\"item\":\"https:\\\/\\\/www.coretxcooling.com\\\/de\\\/home\\\/\"},{\"@type\":\"ListItem\",\"position\":2,\"name\":\"Wie es funktioniert\",\"item\":\"https:\\\/\\\/www.coretxcooling.com\\\/de\\\/wie-es-funktioniert\\\/\"},{\"@type\":\"ListItem\",\"position\":3,\"name\":\"Erholung\"}]},{\"@type\":\"WebSite\",\"@id\":\"https:\\\/\\\/www.coretxcooling.com\\\/de\\\/#website\",\"url\":\"https:\\\/\\\/www.coretxcooling.com\\\/de\\\/\",\"name\":\"CoreTx Palm Cooling\",\"description\":\"Revolutionary Palm Cooling device to enhance performance\",\"publisher\":{\"@id\":\"https:\\\/\\\/www.coretxcooling.com\\\/de\\\/#organization\"},\"potentialAction\":[{\"@type\":\"SearchAction\",\"target\":{\"@type\":\"EntryPoint\",\"urlTemplate\":\"https:\\\/\\\/www.coretxcooling.com\\\/de\\\/?s={search_term_string}\"},\"query-input\":{\"@type\":\"PropertyValueSpecification\",\"valueRequired\":true,\"valueName\":\"search_term_string\"}}],\"inLanguage\":\"de\"},{\"@type\":\"Organization\",\"@id\":\"https:\\\/\\\/www.coretxcooling.com\\\/de\\\/#organization\",\"name\":\"CET CryoSpas\",\"url\":\"https:\\\/\\\/www.coretxcooling.com\\\/de\\\/\",\"logo\":{\"@type\":\"ImageObject\",\"inLanguage\":\"de\",\"@id\":\"https:\\\/\\\/www.coretxcooling.com\\\/de\\\/#\\\/schema\\\/logo\\\/image\\\/\",\"url\":\"\",\"contentUrl\":\"\",\"caption\":\"CET CryoSpas\"},\"image\":{\"@id\":\"https:\\\/\\\/www.coretxcooling.com\\\/de\\\/#\\\/schema\\\/logo\\\/image\\\/\"},\"sameAs\":[\"https:\\\/\\\/www.facebook.com\\\/CETCryoSpa\",\"https:\\\/\\\/x.com\\\/CETCryoSpa\",\"https:\\\/\\\/www.instagram.com\\\/cet_cryospas\\\/\"]}]}<\/script>\n<!-- \/ Yoast SEO plugin. -->","yoast_head_json":{"title":"Die Erholung in der Halbzeitpause wurde durch den Einsatz von CoreTx Palm Cooling deutlich verbessert.","description":"Wenn aktivierte Muskeln \u00fcberhitzen, verschlechtert sich die Leistung. Bek\u00e4mpfen Sie Hitzestress und verbessern Sie die Erholung in der Halbzeitpause mit dem CoreTx Palm Cooling","robots":{"index":"index","follow":"follow","max-snippet":"max-snippet:-1","max-image-preview":"max-image-preview:large","max-video-preview":"max-video-preview:-1"},"canonical":"https:\/\/www.coretxcooling.com\/de\/wie-es-funktioniert\/erholung\/","schema":{"@context":"https:\/\/schema.org","@graph":[{"@type":"WebPage","@id":"https:\/\/www.coretxcooling.com\/de\/wie-es-funktioniert\/erholung\/","url":"https:\/\/www.coretxcooling.com\/de\/wie-es-funktioniert\/erholung\/","name":"Die Erholung in der Halbzeitpause wurde durch den Einsatz von CoreTx Palm Cooling deutlich verbessert.","isPartOf":{"@id":"https:\/\/www.coretxcooling.com\/de\/#website"},"datePublished":"2023-08-27T18:49:58+00:00","dateModified":"2023-08-27T18:50:13+00:00","description":"Wenn aktivierte Muskeln \u00fcberhitzen, verschlechtert sich die Leistung. Bek\u00e4mpfen Sie Hitzestress und verbessern Sie die Erholung in der Halbzeitpause mit dem CoreTx Palm Cooling","breadcrumb":{"@id":"https:\/\/www.coretxcooling.com\/de\/wie-es-funktioniert\/erholung\/#breadcrumb"},"inLanguage":"de","potentialAction":[{"@type":"ReadAction","target":["https:\/\/www.coretxcooling.com\/de\/wie-es-funktioniert\/erholung\/"]}]},{"@type":"BreadcrumbList","@id":"https:\/\/www.coretxcooling.com\/de\/wie-es-funktioniert\/erholung\/#breadcrumb","itemListElement":[{"@type":"ListItem","position":1,"name":"Home","item":"https:\/\/www.coretxcooling.com\/de\/home\/"},{"@type":"ListItem","position":2,"name":"Wie es funktioniert","item":"https:\/\/www.coretxcooling.com\/de\/wie-es-funktioniert\/"},{"@type":"ListItem","position":3,"name":"Erholung"}]},{"@type":"WebSite","@id":"https:\/\/www.coretxcooling.com\/de\/#website","url":"https:\/\/www.coretxcooling.com\/de\/","name":"CoreTx Palm Cooling","description":"Revolutionary Palm Cooling device to enhance performance","publisher":{"@id":"https:\/\/www.coretxcooling.com\/de\/#organization"},"potentialAction":[{"@type":"SearchAction","target":{"@type":"EntryPoint","urlTemplate":"https:\/\/www.coretxcooling.com\/de\/?s={search_term_string}"},"query-input":{"@type":"PropertyValueSpecification","valueRequired":true,"valueName":"search_term_string"}}],"inLanguage":"de"},{"@type":"Organization","@id":"https:\/\/www.coretxcooling.com\/de\/#organization","name":"CET CryoSpas","url":"https:\/\/www.coretxcooling.com\/de\/","logo":{"@type":"ImageObject","inLanguage":"de","@id":"https:\/\/www.coretxcooling.com\/de\/#\/schema\/logo\/image\/","url":"","contentUrl":"","caption":"CET CryoSpas"},"image":{"@id":"https:\/\/www.coretxcooling.com\/de\/#\/schema\/logo\/image\/"},"sameAs":["https:\/\/www.facebook.com\/CETCryoSpa","https:\/\/x.com\/CETCryoSpa","https:\/\/www.instagram.com\/cet_cryospas\/"]}]}},"_links":{"self":[{"href":"https:\/\/www.coretxcooling.com\/de\/wp-json\/wp\/v2\/pages\/19182","targetHints":{"allow":["GET"]}}],"collection":[{"href":"https:\/\/www.coretxcooling.com\/de\/wp-json\/wp\/v2\/pages"}],"about":[{"href":"https:\/\/www.coretxcooling.com\/de\/wp-json\/wp\/v2\/types\/page"}],"author":[{"embeddable":true,"href":"https:\/\/www.coretxcooling.com\/de\/wp-json\/wp\/v2\/users\/9"}],"replies":[{"embeddable":true,"href":"https:\/\/www.coretxcooling.com\/de\/wp-json\/wp\/v2\/comments?post=19182"}],"version-history":[{"count":0,"href":"https:\/\/www.coretxcooling.com\/de\/wp-json\/wp\/v2\/pages\/19182\/revisions"}],"up":[{"embeddable":true,"href":"https:\/\/www.coretxcooling.com\/de\/wp-json\/wp\/v2\/pages\/19176"}],"wp:attachment":[{"href":"https:\/\/www.coretxcooling.com\/de\/wp-json\/wp\/v2\/media?parent=19182"}],"curies":[{"name":"wp","href":"https:\/\/api.w.org\/{rel}","templated":true}]}}