{"id":19176,"date":"2023-08-26T16:54:38","date_gmt":"2023-08-26T15:54:38","guid":{"rendered":"https:\/\/www.coretxcooling.com\/wie-es-funktioniert\/"},"modified":"2023-08-26T16:54:43","modified_gmt":"2023-08-26T15:54:43","slug":"wie-es-funktioniert","status":"publish","type":"page","link":"https:\/\/www.coretxcooling.com\/de\/wie-es-funktioniert\/","title":{"rendered":"Wie es funktioniert"},"content":{"rendered":"<p>[et_pb_section fb_built=&#8220;1&#8243; custom_padding_last_edited=&#8220;off|desktop&#8220; prev_background_color=&#8220;#ffffff&#8220; admin_label=&#8220;Header&#8220; _builder_version=&#8220;4.18.0&#8243; background_color=&#8220;#2a2e40&#8243; use_background_color_gradient=&#8220;on&#8220; background_color_gradient_type=&#8220;circular&#8220; background_color_gradient_stops=&#8220;rgba(42,46,64,0.34) 0%|#2a2e40 90%&#8220; background_color_gradient_overlays_image=&#8220;on&#8220; background_color_gradient_start=&#8220;rgba(42,46,64,0.34)&#8220; background_color_gradient_end=&#8220;#2a2e40&#8243; background_color_gradient_end_position=&#8220;90%&#8220; background_image=&#8220;https:\/\/www.coretxcooling.com\/wp-content\/uploads\/2022\/10\/CoreTx-Slider-A-2.jpeg&#8220; background_position=&#8220;bottom_center&#8220; background_vertical_offset=&#8220;-10%&#8220; custom_margin=&#8220;||60px||false|false&#8220; custom_padding=&#8220;||300px||false|false&#8220; custom_padding_tablet=&#8220;0vw||&#8220; custom_padding_phone=&#8220;0vw||&#8220; top_divider_style=&#8220;wave2&#8243; top_divider_repeat=&#8220;1x&#8220; top_divider_flip=&#8220;horizontal&#8220; bottom_divider_style=&#8220;wave2&#8243; bottom_divider_color=&#8220;#FFFFFF&#8220; bottom_divider_flip=&#8220;vertical&#8220; border_color_all=&#8220;RGBA(255,255,255,0)&#8220; border_style_all=&#8220;none&#8220; global_colors_info=&#8220;{}&#8220;][et_pb_row module_class=&#8220; et_pb_row_fullwidth&#8220; _builder_version=&#8220;4.16&#8243; width=&#8220;89%&#8220; width_tablet=&#8220;80%&#8220; width_phone=&#8220;&#8220; width_last_edited=&#8220;on|desktop&#8220; max_width=&#8220;89%&#8220; max_width_tablet=&#8220;80%&#8220; max_width_phone=&#8220;&#8220; max_width_last_edited=&#8220;on|desktop&#8220; mix_blend_mode=&#8220;overlay&#8220; make_fullwidth=&#8220;on&#8220; global_colors_info=&#8220;{}&#8220;][et_pb_column type=&#8220;4_4&#8243; admin_label=&#8220;Spalte&#8220; _builder_version=&#8220;4.16&#8243; custom_padding=&#8220;|||&#8220; global_colors_info=&#8220;{}&#8220; custom_padding__hover=&#8220;|||&#8220;][et_pb_text _builder_version=&#8220;4.18.0&#8243; text_font=&#8220;Oswald|||on|||||&#8220; text_text_color=&#8220;rgba(255,255,255,0.5)&#8220; text_font_size=&#8220;24vw&#8220; text_line_height=&#8220;0em&#8220; header_font=&#8220;Oswald|||on|||||&#8220; header_font_size=&#8220;80px&#8220; header_letter_spacing=&#8220;20px&#8220; header_line_height=&#8220;1.2em&#8220; text_orientation=&#8220;right&#8220; background_layout=&#8220;dark&#8220; custom_margin=&#8220;||0.2em&#8220; custom_margin_phone=&#8220;||0em&#8220; custom_margin_last_edited=&#8220;off|desktop&#8220; filter_blur=&#8220;5px&#8220; animation_style=&#8220;slide&#8220; animation_direction=&#8220;left&#8220; animation_duration=&#8220;2000ms&#8220; animation_intensity_slide=&#8220;2%&#8220; text_font_size_tablet=&#8220;30vw&#8220; text_font_size_phone=&#8220;&#8220; text_font_size_last_edited=&#8220;on|desktop&#8220; header_font_size_tablet=&#8220;40px&#8220; header_font_size_phone=&#8220;30px&#8220; header_font_size_last_edited=&#8220;on|desktop&#8220; global_colors_info=&#8220;{}&#8220;]<\/p>\n<p>Fitnessstudio<\/p>\n<p>[\/et_pb_text][\/et_pb_column][\/et_pb_row][et_pb_row custom_padding_last_edited=&#8220;on|desktop&#8220; _builder_version=&#8220;4.16&#8243; width=&#8220;90%&#8220; max_width=&#8220;90%&#8220; custom_margin=&#8220;||&#8220; custom_padding=&#8220;||0|10%|false|false&#8220; custom_padding_tablet=&#8220;||40px|0%&#8220; custom_padding_phone=&#8220;&#8220; use_custom_width=&#8220;on&#8220; width_unit=&#8220;off&#8220; custom_width_percent=&#8220;90%&#8220; global_colors_info=&#8220;{}&#8220;][et_pb_column type=&#8220;4_4&#8243; _builder_version=&#8220;4.16&#8243; custom_padding=&#8220;|||&#8220; global_colors_info=&#8220;{}&#8220; custom_padding__hover=&#8220;|||&#8220;][et_pb_text _builder_version=&#8220;4.18.0&#8243; text_font=&#8220;||||||||&#8220; header_font=&#8220;Helvetica Neue||||||||&#8220; header_font_size=&#8220;6vw&#8220; header_letter_spacing=&#8220;0.1em&#8220; header_line_height=&#8220;1.2em&#8220; header_2_font=&#8220;||||||||&#8220; header_3_font=&#8220;Roboto||||||||&#8220; header_3_letter_spacing=&#8220;0.2em&#8220; header_3_line_height=&#8220;2.4em&#8220; background_layout=&#8220;dark&#8220; max_width=&#8220;80%&#8220; animation_style=&#8220;slide&#8220; animation_direction=&#8220;right&#8220; animation_duration=&#8220;2000ms&#8220; animation_intensity_slide=&#8220;2%&#8220; header_font_size_tablet=&#8220;40px&#8220; header_font_size_phone=&#8220;30px&#8220; header_font_size_last_edited=&#8220;on|desktop&#8220; header_letter_spacing_tablet=&#8220;10px&#8220; header_letter_spacing_phone=&#8220;7px&#8220; header_letter_spacing_last_edited=&#8220;off|desktop&#8220; header_line_height_tablet=&#8220;1.5em&#8220; header_line_height_phone=&#8220;1.5em&#8220; header_line_height_last_edited=&#8220;on|phone&#8220; header_3_font_size_tablet=&#8220;14px&#8220; header_3_font_size_phone=&#8220;14px&#8220; header_3_font_size_last_edited=&#8220;on|desktop&#8220; header_3_letter_spacing_tablet=&#8220;&#8220; header_3_letter_spacing_phone=&#8220;3px&#8220; header_3_letter_spacing_last_edited=&#8220;on|phone&#8220; global_colors_info=&#8220;{}&#8220;]<\/p>\n<h2>CoreTx Palm Cooling &#8211; Erfolg in deinen H\u00e4nden<\/h2>\n<h1>Evidenzbasierte Forschung<\/h1>\n<h3>Durchbreche das Leistungsplateau und erhole dich schneller<\/h3>\n<p>[\/et_pb_text][et_pb_button button_url=&#8220;@ET-DC@eyJkeW5hbWljIjp0cnVlLCJjb250ZW50IjoicG9zdF9saW5rX3VybF9wYWdlIiwic2V0dGluZ3MiOnsicG9zdF9pZCI6Ijc4MzYifX0=@&#8220; button_text=&#8220;Beginne heute&#8220; _builder_version=&#8220;4.18.0&#8243; _dynamic_attributes=&#8220;button_url&#8220; custom_button=&#8220;on&#8220; button_text_size=&#8220;16px&#8220; button_text_color=&#8220;#ffffff&#8220; button_bg_color=&#8220;rgba(0,0,0,0)&#8220; button_border_width=&#8220;0px&#8220; button_border_radius=&#8220;0px&#8220; button_letter_spacing=&#8220;5px&#8220; button_font=&#8220;|500||on|||||&#8220; button_use_icon=&#8220;off&#8220; custom_margin=&#8220;||&#8220; custom_padding=&#8220;15px||15px||true&#8220; box_shadow_style=&#8220;preset4&#8243; box_shadow_horizontal=&#8220;0px&#8220; box_shadow_vertical=&#8220;2px&#8220; box_shadow_color=&#8220;#0080a2&#8243; global_colors_info=&#8220;{}&#8220; button_bg_color__hover=&#8220;#ffffff&#8220; button_border_width__hover=&#8220;2px&#8220; button_text_color__hover=&#8220;#000000&#8243; button_border_color__hover=&#8220;#ffffff&#8220; box_shadow_vertical__hover_enabled=&#8220;on&#8220; box_shadow_vertical__hover=&#8220;8px&#8220;][\/et_pb_button][\/et_pb_column][\/et_pb_row][\/et_pb_section][et_pb_section fb_built=&#8220;1&#8243; _builder_version=&#8220;4.18.0&#8243; _module_preset=&#8220;default&#8220; global_colors_info=&#8220;{}&#8220;][et_pb_row make_equal=&#8220;on&#8220; _builder_version=&#8220;4.18.0&#8243; _module_preset=&#8220;default&#8220; global_colors_info=&#8220;{}&#8220;][et_pb_column type=&#8220;4_4&#8243; _builder_version=&#8220;4.18.0&#8243; _module_preset=&#8220;default&#8220; global_colors_info=&#8220;{}&#8220;][et_pb_text admin_label=&#8220;Text&#8220; _builder_version=&#8220;4.18.0&#8243; background_size=&#8220;initial&#8220; background_position=&#8220;top_left&#8220; background_repeat=&#8220;repeat&#8220; custom_padding=&#8220;||||false|false&#8220; global_colors_info=&#8220;{}&#8220;]<\/p>\n<h1>So funktioniert Palm Cooling &#8211; das K\u00fchlen der Handfl\u00e4chen<\/h1>\n<p>Forscher der Stanford University haben herausgefunden, dass S\u00e4ugetiere ihre K\u00f6rpertemperatur \u00fcber spezielle Blutgef\u00e4\u00dfe (AVAs) nahe der Hautoberfl\u00e4che regulieren. Beim Menschen sind diese AVAs am meisten in den Handfl\u00e4chen, den Fu\u00dfsohlen und den unbehaarten Teilen des Gesichts konzentriert.<\/p>\n<p>Durch die Nutzung dieser speziellen Blutgef\u00e4\u00dfe in den Handfl\u00e4chen &#8211; dem K\u00fchler des K\u00f6rpers &#8211; k\u00fchlt das CoreTx Palm Cooling Ger\u00e4t das Blut und erm\u00f6glicht es dem K\u00f6rper, die Kerntemperatur leicht zu senken.<\/p>\n<p>In Stanford hatten sie den CoreControl Stanford Glove entwickelt, in den eine Hand hineingesteckt wurde, wobei die Handfl\u00e4che auf ein k\u00fchles Kissen gelegt wurde, durch das eine kalte Fl\u00fcssigkeit zirkulierte. Gleichzeitig wurde ein leichter Unterdruck ausge\u00fcbt, um den Blutfluss in der Hand zus\u00e4tzlich zu f\u00f6rdern. Die Ergebnisse waren ermutigend, aber die Einschr\u00e4nkung der K\u00fchlung durch Konduktion bedeutete, dass l\u00e4ngere Behandlungen &#8211; in der Regel 3 bis 5 Minuten &#8211; erforderlich waren, um eine K\u00fchlwirkung zu erzielen.<\/p>\n<p>Im Gegensatz dazu k\u00fchlt das patentierte CoreTx-Ger\u00e4t die Handfl\u00e4che durch eine Kombination aus Konduktion und Konvektion, so dass die Behandlungen nur 45 bis 60 Sekunden dauern.<\/p>\n<p>Forscher der Universit\u00e4t von New Mexico verglichen die Wirksamkeit des Stanford-Handschuhs mit und ohne Unterdruckanwendung. Sie kamen zu dem Schluss, dass es keinen signifikanten Unterschied zwischen der K\u00fchlung mit Vakuum und der K\u00fchlung ohne Vakuum gibt. Die K\u00fchlung ohne Vakuum hatte sogar eine etwas bessere K\u00fchlwirkung.<\/p>\n<p>F\u00fcr weitere Informationen zu bestimmten Anwendungen w\u00e4hlen Sie bitte eine der unten aufgef\u00fchrten M\u00f6glichkeiten:<\/p>\n<p>[\/et_pb_text][\/et_pb_column][\/et_pb_row][et_pb_row column_structure=&#8220;1_3,1_3,1_3&#8243; _builder_version=&#8220;4.18.0&#8243; _module_preset=&#8220;default&#8220; global_colors_info=&#8220;{}&#8220;][et_pb_column type=&#8220;1_3&#8243; _builder_version=&#8220;4.18.0&#8243; _module_preset=&#8220;default&#8220; global_colors_info=&#8220;{}&#8220;][et_pb_text _builder_version=&#8220;4.18.0&#8243; _dynamic_attributes=&#8220;link_option_url&#8220; _module_preset=&#8220;default&#8220; link_option_url=&#8220;@ET-DC@eyJkeW5hbWljIjp0cnVlLCJjb250ZW50IjoicG9zdF9saW5rX3VybF9wYWdlIiwic2V0dGluZ3MiOnsicG9zdF9pZCI6IjE2OTc2In19@&#8220; global_colors_info=&#8220;{}&#8220;]<\/p>\n<h2>Konditionierung<\/h2>\n<p>[\/et_pb_text][et_pb_image src=&#8220;https:\/\/www.coretxcooling.com\/wp-content\/uploads\/2022\/10\/CoreTx-Go-Stephen-1.jpg&#8220; title_text=&#8220;CoreTx-Go-Stephen-1&#8243; url=&#8220;@ET-DC@eyJkeW5hbWljIjp0cnVlLCJjb250ZW50IjoicG9zdF9saW5rX3VybF9wYWdlIiwic2V0dGluZ3MiOnsicG9zdF9pZCI6IjE2OTc2In19@&#8220; align=&#8220;center&#8220; _builder_version=&#8220;4.18.0&#8243; _dynamic_attributes=&#8220;url&#8220; _module_preset=&#8220;default&#8220; animation_style=&#8220;zoom&#8220; animation_duration=&#8220;1400ms&#8220; global_colors_info=&#8220;{}&#8220;][\/et_pb_image][et_pb_text _builder_version=&#8220;4.18.0&#8243; _module_preset=&#8220;default&#8220; header_4_line_height=&#8220;1.4em&#8220; global_colors_info=&#8220;{}&#8220;]<\/p>\n<h4>So verwenden Sie den CoreTx f\u00fcr Ihr Kraft- und Fitnesstraining<\/h4>\n<p>[\/et_pb_text][et_pb_button button_url=&#8220;@ET-DC@eyJkeW5hbWljIjp0cnVlLCJjb250ZW50IjoicG9zdF9saW5rX3VybF9wYWdlIiwic2V0dGluZ3MiOnsicG9zdF9pZCI6IjE2OTc2In19@&#8220; button_text=&#8220;Mehr erfahren&#8220; _builder_version=&#8220;4.18.1&#8243; _dynamic_attributes=&#8220;button_url&#8220; _module_preset=&#8220;default&#8220; custom_button=&#8220;on&#8220; button_text_color=&#8220;#FFFFFF&#8220; button_bg_color=&#8220;#006079&#8243; button_font=&#8220;||||||||&#8220; button_on_hover=&#8220;off&#8220; global_colors_info=&#8220;{}&#8220;][\/et_pb_button][\/et_pb_column][et_pb_column type=&#8220;1_3&#8243; _builder_version=&#8220;4.18.0&#8243; _module_preset=&#8220;default&#8220; global_colors_info=&#8220;{}&#8220;][et_pb_text _builder_version=&#8220;4.18.0&#8243; _dynamic_attributes=&#8220;link_option_url&#8220; _module_preset=&#8220;default&#8220; link_option_url=&#8220;@ET-DC@eyJkeW5hbWljIjp0cnVlLCJjb250ZW50IjoicG9zdF9saW5rX3VybF9wYWdlIiwic2V0dGluZ3MiOnsicG9zdF9pZCI6IjE2OTg4In19@&#8220; global_colors_info=&#8220;{}&#8220;]<\/p>\n<h2>Erholung in der Halbzeitpause<\/h2>\n<p>[\/et_pb_text][et_pb_image src=&#8220;https:\/\/www.coretxcooling.com\/wp-content\/uploads\/2022\/10\/CoreTx-Go-AmFootball-1.jpg&#8220; alt=&#8220;Erholung in der Halbzeitpause&#8220; title_text=&#8220;CoreTx-Go-AmFootball-1&#8243; url=&#8220;@ET-DC@eyJkeW5hbWljIjp0cnVlLCJjb250ZW50IjoicG9zdF9saW5rX3VybF9wYWdlIiwic2V0dGluZ3MiOnsicG9zdF9pZCI6IjE2OTg4In19@&#8220; align=&#8220;center&#8220; _builder_version=&#8220;4.18.0&#8243; _dynamic_attributes=&#8220;url&#8220; _module_preset=&#8220;default&#8220; animation_style=&#8220;zoom&#8220; animation_duration=&#8220;1400ms&#8220; global_colors_info=&#8220;{}&#8220;][\/et_pb_image][et_pb_text _builder_version=&#8220;4.18.0&#8243; _module_preset=&#8220;default&#8220; header_4_line_height=&#8220;1.4em&#8220; global_colors_info=&#8220;{}&#8220;]<\/p>\n<h4>So verwenden Sie den CoreTx zur Erholung nach einem Spiel oder in der Halbzeitpause<\/h4>\n<p>[\/et_pb_text][et_pb_button button_url=&#8220;@ET-DC@eyJkeW5hbWljIjp0cnVlLCJjb250ZW50IjoicG9zdF9saW5rX3VybF9wYWdlIiwic2V0dGluZ3MiOnsicG9zdF9pZCI6IjE2OTg4In19@&#8220; button_text=&#8220;Mehr erfahren&#8220; _builder_version=&#8220;4.18.1&#8243; _dynamic_attributes=&#8220;button_url&#8220; _module_preset=&#8220;default&#8220; custom_button=&#8220;on&#8220; button_text_color=&#8220;#FFFFFF&#8220; button_bg_color=&#8220;#006079&#8243; button_font=&#8220;||||||||&#8220; button_on_hover=&#8220;off&#8220; global_colors_info=&#8220;{}&#8220;][\/et_pb_button][\/et_pb_column][et_pb_column type=&#8220;1_3&#8243; _builder_version=&#8220;4.18.0&#8243; _module_preset=&#8220;default&#8220; global_colors_info=&#8220;{}&#8220;][et_pb_text _builder_version=&#8220;4.18.0&#8243; _dynamic_attributes=&#8220;link_option_url&#8220; _module_preset=&#8220;default&#8220; link_option_url=&#8220;@ET-DC@eyJkeW5hbWljIjp0cnVlLCJjb250ZW50IjoicG9zdF9saW5rX3VybF9wYWdlIiwic2V0dGluZ3MiOnsicG9zdF9pZCI6IjE2OTM3In19@&#8220; global_colors_info=&#8220;{}&#8220;]<\/p>\n<h2>Gewichtsreduktion<\/h2>\n<p>[\/et_pb_text][et_pb_image src=&#8220;https:\/\/www.coretxcooling.com\/wp-content\/uploads\/2021\/01\/CoreTx-Weight-Loss-4-s.jpg&#8220; alt=&#8220;Gewichtsreduktion&#8220; title_text=&#8220;Gewichtsreduktion&#8220; url=&#8220;@ET-DC@eyJkeW5hbWljIjp0cnVlLCJjb250ZW50IjoicG9zdF9saW5rX3VybF9wYWdlIiwic2V0dGluZ3MiOnsicG9zdF9pZCI6IjE2OTM3In19@&#8220; align=&#8220;center&#8220; _builder_version=&#8220;4.18.0&#8243; _dynamic_attributes=&#8220;url&#8220; _module_preset=&#8220;default&#8220; animation_style=&#8220;zoom&#8220; animation_duration=&#8220;1400ms&#8220; global_colors_info=&#8220;{}&#8220;][\/et_pb_image][et_pb_text _builder_version=&#8220;4.18.0&#8243; _module_preset=&#8220;default&#8220; header_4_line_height=&#8220;1.4em&#8220; global_colors_info=&#8220;{}&#8220;]<\/p>\n<h4>Wie man den CoreTx zur Verbesserung der Gewichtsreduktion und des Trainings einsetzt<\/h4>\n<p>[\/et_pb_text][et_pb_button button_url=&#8220;@ET-DC@eyJkeW5hbWljIjp0cnVlLCJjb250ZW50IjoicG9zdF9saW5rX3VybF9wYWdlIiwic2V0dGluZ3MiOnsicG9zdF9pZCI6IjE2OTM3In19@&#8220; button_text=&#8220;Mehr erfahren&#8220; _builder_version=&#8220;4.18.1&#8243; _dynamic_attributes=&#8220;button_url&#8220; _module_preset=&#8220;default&#8220; custom_button=&#8220;on&#8220; button_text_color=&#8220;#FFFFFF&#8220; button_bg_color=&#8220;#006079&#8243; button_font=&#8220;||||||||&#8220; button_on_hover=&#8220;off&#8220; global_colors_info=&#8220;{}&#8220;][\/et_pb_button][\/et_pb_column][\/et_pb_row][\/et_pb_section]<\/p>\n","protected":false},"excerpt":{"rendered":"<p>FitnessstudioCoreTx Palm Cooling &#8211; Erfolg in deinen H\u00e4nden Evidenzbasierte Forschung Durchbreche das Leistungsplateau und erhole dich schnellerSo funktioniert Palm Cooling &#8211; das K\u00fchlen der Handfl\u00e4chen Forscher der Stanford University haben herausgefunden, dass S\u00e4ugetiere ihre K\u00f6rpertemperatur \u00fcber spezielle Blutgef\u00e4\u00dfe (AVAs) nahe der Hautoberfl\u00e4che regulieren. Beim Menschen sind diese AVAs am meisten in den Handfl\u00e4chen, den Fu\u00dfsohlen [&hellip;]<\/p>\n","protected":false},"author":9,"featured_media":0,"parent":0,"menu_order":4,"comment_status":"closed","ping_status":"closed","template":"","meta":{"_et_pb_use_builder":"on","_et_pb_old_content":"","_et_gb_content_width":"","ngg_post_thumbnail":0,"footnotes":""},"class_list":["post-19176","page","type-page","status-publish","hentry"],"yoast_head":"<!-- This site is optimized with the Yoast SEO plugin v27.3 - https:\/\/yoast.com\/product\/yoast-seo-wordpress\/ -->\n<title>Bessere Leistung, leichtere Gewichtsabnahme und schnellere Erholung - alles liegt in Ihrer Hand.<\/title>\n<meta name=\"description\" content=\"CET CoreTx ist die effektivste Trainingshilfe, die Erm\u00fcdungserscheinungen reduziert, die Leistung steigert und Sie bei der Erreichung Ihrer Ziele beim Abnehmen unterst\u00fctzt.\" \/>\n<meta name=\"robots\" content=\"index, follow, max-snippet:-1, max-image-preview:large, max-video-preview:-1\" \/>\n<link rel=\"canonical\" href=\"https:\/\/www.coretxcooling.com\/de\/wie-es-funktioniert\/\" \/>\n<script type=\"application\/ld+json\" class=\"yoast-schema-graph\">{\"@context\":\"https:\\\/\\\/schema.org\",\"@graph\":[{\"@type\":\"WebPage\",\"@id\":\"https:\\\/\\\/www.coretxcooling.com\\\/de\\\/wie-es-funktioniert\\\/\",\"url\":\"https:\\\/\\\/www.coretxcooling.com\\\/de\\\/wie-es-funktioniert\\\/\",\"name\":\"Bessere Leistung, leichtere Gewichtsabnahme und schnellere Erholung - alles liegt in Ihrer Hand.\",\"isPartOf\":{\"@id\":\"https:\\\/\\\/www.coretxcooling.com\\\/de\\\/#website\"},\"datePublished\":\"2023-08-26T15:54:38+00:00\",\"dateModified\":\"2023-08-26T15:54:43+00:00\",\"description\":\"CET CoreTx ist die effektivste Trainingshilfe, die Erm\u00fcdungserscheinungen reduziert, die Leistung steigert und Sie bei der Erreichung Ihrer Ziele beim Abnehmen unterst\u00fctzt.\",\"breadcrumb\":{\"@id\":\"https:\\\/\\\/www.coretxcooling.com\\\/de\\\/wie-es-funktioniert\\\/#breadcrumb\"},\"inLanguage\":\"de\",\"potentialAction\":[{\"@type\":\"ReadAction\",\"target\":[\"https:\\\/\\\/www.coretxcooling.com\\\/de\\\/wie-es-funktioniert\\\/\"]}]},{\"@type\":\"BreadcrumbList\",\"@id\":\"https:\\\/\\\/www.coretxcooling.com\\\/de\\\/wie-es-funktioniert\\\/#breadcrumb\",\"itemListElement\":[{\"@type\":\"ListItem\",\"position\":1,\"name\":\"Home\",\"item\":\"https:\\\/\\\/www.coretxcooling.com\\\/de\\\/home\\\/\"},{\"@type\":\"ListItem\",\"position\":2,\"name\":\"Wie es funktioniert\"}]},{\"@type\":\"WebSite\",\"@id\":\"https:\\\/\\\/www.coretxcooling.com\\\/de\\\/#website\",\"url\":\"https:\\\/\\\/www.coretxcooling.com\\\/de\\\/\",\"name\":\"CoreTx Palm Cooling\",\"description\":\"Revolutionary Palm Cooling device to enhance performance\",\"publisher\":{\"@id\":\"https:\\\/\\\/www.coretxcooling.com\\\/de\\\/#organization\"},\"potentialAction\":[{\"@type\":\"SearchAction\",\"target\":{\"@type\":\"EntryPoint\",\"urlTemplate\":\"https:\\\/\\\/www.coretxcooling.com\\\/de\\\/?s={search_term_string}\"},\"query-input\":{\"@type\":\"PropertyValueSpecification\",\"valueRequired\":true,\"valueName\":\"search_term_string\"}}],\"inLanguage\":\"de\"},{\"@type\":\"Organization\",\"@id\":\"https:\\\/\\\/www.coretxcooling.com\\\/de\\\/#organization\",\"name\":\"CET CryoSpas\",\"url\":\"https:\\\/\\\/www.coretxcooling.com\\\/de\\\/\",\"logo\":{\"@type\":\"ImageObject\",\"inLanguage\":\"de\",\"@id\":\"https:\\\/\\\/www.coretxcooling.com\\\/de\\\/#\\\/schema\\\/logo\\\/image\\\/\",\"url\":\"\",\"contentUrl\":\"\",\"caption\":\"CET CryoSpas\"},\"image\":{\"@id\":\"https:\\\/\\\/www.coretxcooling.com\\\/de\\\/#\\\/schema\\\/logo\\\/image\\\/\"},\"sameAs\":[\"https:\\\/\\\/www.facebook.com\\\/CETCryoSpa\",\"https:\\\/\\\/x.com\\\/CETCryoSpa\",\"https:\\\/\\\/www.instagram.com\\\/cet_cryospas\\\/\"]}]}<\/script>\n<!-- \/ Yoast SEO plugin. -->","yoast_head_json":{"title":"Bessere Leistung, leichtere Gewichtsabnahme und schnellere Erholung - alles liegt in Ihrer Hand.","description":"CET CoreTx ist die effektivste Trainingshilfe, die Erm\u00fcdungserscheinungen reduziert, die Leistung steigert und Sie bei der Erreichung Ihrer Ziele beim Abnehmen unterst\u00fctzt.","robots":{"index":"index","follow":"follow","max-snippet":"max-snippet:-1","max-image-preview":"max-image-preview:large","max-video-preview":"max-video-preview:-1"},"canonical":"https:\/\/www.coretxcooling.com\/de\/wie-es-funktioniert\/","schema":{"@context":"https:\/\/schema.org","@graph":[{"@type":"WebPage","@id":"https:\/\/www.coretxcooling.com\/de\/wie-es-funktioniert\/","url":"https:\/\/www.coretxcooling.com\/de\/wie-es-funktioniert\/","name":"Bessere Leistung, leichtere Gewichtsabnahme und schnellere Erholung - alles liegt in Ihrer Hand.","isPartOf":{"@id":"https:\/\/www.coretxcooling.com\/de\/#website"},"datePublished":"2023-08-26T15:54:38+00:00","dateModified":"2023-08-26T15:54:43+00:00","description":"CET CoreTx ist die effektivste Trainingshilfe, die Erm\u00fcdungserscheinungen reduziert, die Leistung steigert und Sie bei der Erreichung Ihrer Ziele beim Abnehmen unterst\u00fctzt.","breadcrumb":{"@id":"https:\/\/www.coretxcooling.com\/de\/wie-es-funktioniert\/#breadcrumb"},"inLanguage":"de","potentialAction":[{"@type":"ReadAction","target":["https:\/\/www.coretxcooling.com\/de\/wie-es-funktioniert\/"]}]},{"@type":"BreadcrumbList","@id":"https:\/\/www.coretxcooling.com\/de\/wie-es-funktioniert\/#breadcrumb","itemListElement":[{"@type":"ListItem","position":1,"name":"Home","item":"https:\/\/www.coretxcooling.com\/de\/home\/"},{"@type":"ListItem","position":2,"name":"Wie es funktioniert"}]},{"@type":"WebSite","@id":"https:\/\/www.coretxcooling.com\/de\/#website","url":"https:\/\/www.coretxcooling.com\/de\/","name":"CoreTx Palm Cooling","description":"Revolutionary Palm Cooling device to enhance performance","publisher":{"@id":"https:\/\/www.coretxcooling.com\/de\/#organization"},"potentialAction":[{"@type":"SearchAction","target":{"@type":"EntryPoint","urlTemplate":"https:\/\/www.coretxcooling.com\/de\/?s={search_term_string}"},"query-input":{"@type":"PropertyValueSpecification","valueRequired":true,"valueName":"search_term_string"}}],"inLanguage":"de"},{"@type":"Organization","@id":"https:\/\/www.coretxcooling.com\/de\/#organization","name":"CET CryoSpas","url":"https:\/\/www.coretxcooling.com\/de\/","logo":{"@type":"ImageObject","inLanguage":"de","@id":"https:\/\/www.coretxcooling.com\/de\/#\/schema\/logo\/image\/","url":"","contentUrl":"","caption":"CET CryoSpas"},"image":{"@id":"https:\/\/www.coretxcooling.com\/de\/#\/schema\/logo\/image\/"},"sameAs":["https:\/\/www.facebook.com\/CETCryoSpa","https:\/\/x.com\/CETCryoSpa","https:\/\/www.instagram.com\/cet_cryospas\/"]}]}},"_links":{"self":[{"href":"https:\/\/www.coretxcooling.com\/de\/wp-json\/wp\/v2\/pages\/19176","targetHints":{"allow":["GET"]}}],"collection":[{"href":"https:\/\/www.coretxcooling.com\/de\/wp-json\/wp\/v2\/pages"}],"about":[{"href":"https:\/\/www.coretxcooling.com\/de\/wp-json\/wp\/v2\/types\/page"}],"author":[{"embeddable":true,"href":"https:\/\/www.coretxcooling.com\/de\/wp-json\/wp\/v2\/users\/9"}],"replies":[{"embeddable":true,"href":"https:\/\/www.coretxcooling.com\/de\/wp-json\/wp\/v2\/comments?post=19176"}],"version-history":[{"count":0,"href":"https:\/\/www.coretxcooling.com\/de\/wp-json\/wp\/v2\/pages\/19176\/revisions"}],"wp:attachment":[{"href":"https:\/\/www.coretxcooling.com\/de\/wp-json\/wp\/v2\/media?parent=19176"}],"curies":[{"name":"wp","href":"https:\/\/api.w.org\/{rel}","templated":true}]}}